{"id":1454,"date":"2024-11-20T12:09:56","date_gmt":"2024-11-20T12:09:56","guid":{"rendered":"https:\/\/3d-academy.eu\/elebrary\/"},"modified":"2024-11-20T12:21:27","modified_gmt":"2024-11-20T12:21:27","slug":"elebrary","status":"publish","type":"page","link":"https:\/\/3d-academy.eu\/bs\/elebrary\/","title":{"rendered":"3D-Academy"},"content":{"rendered":"<div data-elementor-type=\"wp-page\" data-elementor-id=\"1454\" class=\"elementor elementor-1454\">\n\t\t\t\t\t\t<section class=\"elementor-section elementor-top-section elementor-element elementor-element-3076fc1c elementor-section-boxed elementor-section-height-default elementor-section-height-default\" data-id=\"3076fc1c\" data-element_type=\"section\" data-e-type=\"section\">\n\t\t\t\t\t\t<div class=\"elementor-container elementor-column-gap-default\">\n\t\t\t\t\t<div class=\"elementor-column elementor-col-100 elementor-top-column elementor-element elementor-element-124fbf64\" data-id=\"124fbf64\" data-element_type=\"column\" data-e-type=\"column\">\n\t\t\t<div class=\"elementor-widget-wrap elementor-element-populated\">\n\t\t\t\t\t\t<div class=\"elementor-element elementor-element-dc45139 elementor-widget elementor-widget-shortcode\" data-id=\"dc45139\" data-element_type=\"widget\" data-e-type=\"widget\" data-widget_type=\"shortcode.default\">\n\t\t\t\t<div class=\"elementor-widget-container\">\n\t\t\t\t\t\t\t<div class=\"elementor-shortcode\"><div id=\"ld-course-list-content-8e51c3003848b91de9fd83da750ac80a\" class=\"ld-course-list-content\" data-shortcode-atts=\"{&quot;num&quot;:&quot;10&quot;}\">\n\t\t\t<div class=\"ld-course-list-items row\">\n\t<!-- LearnDash Course Grid v1 --><div class=\"ld_course_grid col-sm-8 col-md-4\">\n\t<article id=\"post-3223\" class=\"thumbnail course post-3223 sfwd-courses type-sfwd-courses status-publish has-post-thumbnail hentry category-advanced-level ld_course_category-advanced-level\">\n\t\t\t\t\t\t\t\t<div class=\"ribbon\">\n\t\t\t\tBesplatno\t\t\t<\/div>\n\t\t\t\n\t\t\t\t\t\t<a\n\t\t\t\taria-hidden=\"true\"\n\t\t\t\thref=\"https:\/\/3d-academy.eu\/bs\/courses\/module-4-future-trends-and-practical-solutions\/\"\n\t\t\t\ttabindex=\"-1\"\n\t\t\t>\n\t\t\t\t<img fetchpriority=\"high\" decoding=\"async\" width=\"300\" height=\"200\" src=\"https:\/\/3d-academy.eu\/wp-content\/uploads\/2025\/07\/tom-claes-XsXFYFcJ0-I-unsplash-300x200.jpg\" class=\"attachment-medium size-medium wp-post-image\" alt=\"Modul 4: Budu\u0107i trendovi i prakti\u010dna rje\u0161enja\" srcset=\"https:\/\/3d-academy.eu\/wp-content\/uploads\/2025\/07\/tom-claes-XsXFYFcJ0-I-unsplash-300x200.jpg 300w, https:\/\/3d-academy.eu\/wp-content\/uploads\/2025\/07\/tom-claes-XsXFYFcJ0-I-unsplash-1024x683.jpg 1024w, https:\/\/3d-academy.eu\/wp-content\/uploads\/2025\/07\/tom-claes-XsXFYFcJ0-I-unsplash-768x512.jpg 768w, https:\/\/3d-academy.eu\/wp-content\/uploads\/2025\/07\/tom-claes-XsXFYFcJ0-I-unsplash-1536x1024.jpg 1536w, https:\/\/3d-academy.eu\/wp-content\/uploads\/2025\/07\/tom-claes-XsXFYFcJ0-I-unsplash-2048x1365.jpg 2048w, https:\/\/3d-academy.eu\/wp-content\/uploads\/2025\/07\/tom-claes-XsXFYFcJ0-I-unsplash-18x12.jpg 18w\" sizes=\"(max-width: 300px) 100vw, 300px\" \/>\t\t\t<\/a>\n\t\t\t\t\t\n\t\t\t\t\t<div class=\"caption\">\n\t\t\t\t<h3 class=\"entry-title\">Modul 4: Budu\u0107i trendovi i prakti\u010dna rje\u0161enja<\/h3>\n\t\t\t\t\t\t\t\t<div class=\"ld_course_grid_button\">\n\t\t\t\t\t<a\n\t\t\t\t\t\taria-label=\"Enroll Now: Module 4: Future trends and practical solutions\"\n\t\t\t\t\t\tclass=\"btn btn-primary\"\n\t\t\t\t\t\thref=\"https:\/\/3d-academy.eu\/bs\/courses\/module-4-future-trends-and-practical-solutions\/\"\n\t\t\t\t\t>\n\t\t\t\t\t\tEnroll Now\t\t\t\t\t<\/a>\n\t\t\t\t<\/div>\n\t\t\t\t\t\t\t<\/div><!-- .entry-header -->\n\t\t\t<\/article><!-- #post-## -->\n<\/div><!-- .ld_course_grid -->\n<!-- LearnDash Course Grid v1 --><div class=\"ld_course_grid col-sm-8 col-md-4\">\n\t<article id=\"post-3167\" class=\"thumbnail course post-3167 sfwd-courses type-sfwd-courses status-publish has-post-thumbnail hentry category-advanced-level ld_course_category-advanced-level\">\n\t\t\t\t\t\t\t\t<div class=\"ribbon\">\n\t\t\t\tBesplatno\t\t\t<\/div>\n\t\t\t\n\t\t\t\t\t\t<a\n\t\t\t\taria-hidden=\"true\"\n\t\t\t\thref=\"https:\/\/3d-academy.eu\/bs\/courses\/module-3-advanced-3d-modeling-techniques\/\"\n\t\t\t\ttabindex=\"-1\"\n\t\t\t>\n\t\t\t\t<img decoding=\"async\" width=\"300\" height=\"169\" src=\"https:\/\/3d-academy.eu\/wp-content\/uploads\/2025\/06\/antipolygon-youtube-mBaYBY7jxSQ-unsplash-300x169.jpg\" class=\"attachment-medium size-medium wp-post-image\" alt=\"Module 3 &#8211; Advanced 3D Modeling Techniques\" srcset=\"https:\/\/3d-academy.eu\/wp-content\/uploads\/2025\/06\/antipolygon-youtube-mBaYBY7jxSQ-unsplash-300x169.jpg 300w, https:\/\/3d-academy.eu\/wp-content\/uploads\/2025\/06\/antipolygon-youtube-mBaYBY7jxSQ-unsplash-1024x576.jpg 1024w, https:\/\/3d-academy.eu\/wp-content\/uploads\/2025\/06\/antipolygon-youtube-mBaYBY7jxSQ-unsplash-768x432.jpg 768w, https:\/\/3d-academy.eu\/wp-content\/uploads\/2025\/06\/antipolygon-youtube-mBaYBY7jxSQ-unsplash-1536x864.jpg 1536w, https:\/\/3d-academy.eu\/wp-content\/uploads\/2025\/06\/antipolygon-youtube-mBaYBY7jxSQ-unsplash-2048x1152.jpg 2048w, https:\/\/3d-academy.eu\/wp-content\/uploads\/2025\/06\/antipolygon-youtube-mBaYBY7jxSQ-unsplash-18x10.jpg 18w\" sizes=\"(max-width: 300px) 100vw, 300px\" \/>\t\t\t<\/a>\n\t\t\t\t\t\n\t\t\t\t\t<div class=\"caption\">\n\t\t\t\t<h3 class=\"entry-title\">Modul 3 - Napredne tehnike 3D modeliranja<\/h3>\n\t\t\t\t\t\t\t\t<div class=\"ld_course_grid_button\">\n\t\t\t\t\t<a\n\t\t\t\t\t\taria-label=\"Enroll Now: Module 3 &#8211; Advanced 3D Modeling Techniques\"\n\t\t\t\t\t\tclass=\"btn btn-primary\"\n\t\t\t\t\t\thref=\"https:\/\/3d-academy.eu\/bs\/courses\/module-3-advanced-3d-modeling-techniques\/\"\n\t\t\t\t\t>\n\t\t\t\t\t\tEnroll Now\t\t\t\t\t<\/a>\n\t\t\t\t<\/div>\n\t\t\t\t\t\t\t<\/div><!-- .entry-header -->\n\t\t\t<\/article><!-- #post-## -->\n<\/div><!-- .ld_course_grid -->\n<!-- LearnDash Course Grid v1 --><div class=\"ld_course_grid col-sm-8 col-md-4\">\n\t<article id=\"post-3058\" class=\"thumbnail course post-3058 sfwd-courses type-sfwd-courses status-publish has-post-thumbnail hentry category-advanced-level ld_course_category-advanced-level\">\n\t\t\t\t\t\t\t\t<div class=\"ribbon\">\n\t\t\t\tBesplatno\t\t\t<\/div>\n\t\t\t\n\t\t\t\t\t\t<a\n\t\t\t\taria-hidden=\"true\"\n\t\t\t\thref=\"https:\/\/3d-academy.eu\/bs\/courses\/module-2-advanced-3d-scanning-techniques\/\"\n\t\t\t\ttabindex=\"-1\"\n\t\t\t>\n\t\t\t\t<img decoding=\"async\" width=\"300\" height=\"169\" src=\"https:\/\/3d-academy.eu\/wp-content\/uploads\/2025\/06\/antipolygon-youtube-F05IK_P7_ro-unsplash-300x169.jpg\" class=\"attachment-medium size-medium wp-post-image\" alt=\"Modul 2: Napredne tehnologije 3D skeniranja\" srcset=\"https:\/\/3d-academy.eu\/wp-content\/uploads\/2025\/06\/antipolygon-youtube-F05IK_P7_ro-unsplash-300x169.jpg 300w, https:\/\/3d-academy.eu\/wp-content\/uploads\/2025\/06\/antipolygon-youtube-F05IK_P7_ro-unsplash-1024x576.jpg 1024w, https:\/\/3d-academy.eu\/wp-content\/uploads\/2025\/06\/antipolygon-youtube-F05IK_P7_ro-unsplash-768x432.jpg 768w, https:\/\/3d-academy.eu\/wp-content\/uploads\/2025\/06\/antipolygon-youtube-F05IK_P7_ro-unsplash-1536x864.jpg 1536w, https:\/\/3d-academy.eu\/wp-content\/uploads\/2025\/06\/antipolygon-youtube-F05IK_P7_ro-unsplash-2048x1152.jpg 2048w, https:\/\/3d-academy.eu\/wp-content\/uploads\/2025\/06\/antipolygon-youtube-F05IK_P7_ro-unsplash-18x10.jpg 18w\" sizes=\"(max-width: 300px) 100vw, 300px\" \/>\t\t\t<\/a>\n\t\t\t\t\t\n\t\t\t\t\t<div class=\"caption\">\n\t\t\t\t<h3 class=\"entry-title\">Modul 2: Napredne tehnologije 3D skeniranja<\/h3>\n\t\t\t\t\t\t\t\t<div class=\"ld_course_grid_button\">\n\t\t\t\t\t<a\n\t\t\t\t\t\taria-label=\"Enroll Now: Module 2: Advanced 3D Scanning Techniques\"\n\t\t\t\t\t\tclass=\"btn btn-primary\"\n\t\t\t\t\t\thref=\"https:\/\/3d-academy.eu\/bs\/courses\/module-2-advanced-3d-scanning-techniques\/\"\n\t\t\t\t\t>\n\t\t\t\t\t\tEnroll Now\t\t\t\t\t<\/a>\n\t\t\t\t<\/div>\n\t\t\t\t\t\t\t<\/div><!-- .entry-header -->\n\t\t\t<\/article><!-- #post-## -->\n<\/div><!-- .ld_course_grid -->\n<!-- LearnDash Course Grid v1 --><div class=\"ld_course_grid col-sm-8 col-md-4\">\n\t<article id=\"post-2279\" class=\"thumbnail course post-2279 sfwd-courses type-sfwd-courses status-publish has-post-thumbnail hentry category-advanced-level ld_course_category-advanced-level\">\n\t\t\t\t\t\t\t\t<div class=\"ribbon\">\n\t\t\t\tBesplatno\t\t\t<\/div>\n\t\t\t\n\t\t\t\t\t\t<a\n\t\t\t\taria-hidden=\"true\"\n\t\t\t\thref=\"https:\/\/3d-academy.eu\/bs\/courses\/module-1-advanced-3d-printing-techniques\/\"\n\t\t\t\ttabindex=\"-1\"\n\t\t\t>\n\t\t\t\t<img loading=\"lazy\" decoding=\"async\" width=\"300\" height=\"200\" src=\"https:\/\/3d-academy.eu\/wp-content\/uploads\/2025\/03\/zmorph-all-in-one-3d-printers-FB1vd3XT_zQ-unsplash-300x200.jpg\" class=\"attachment-medium size-medium wp-post-image\" alt=\"Modul 1: Napredne tehnike 3D printanja\" srcset=\"https:\/\/3d-academy.eu\/wp-content\/uploads\/2025\/03\/zmorph-all-in-one-3d-printers-FB1vd3XT_zQ-unsplash-300x200.jpg 300w, https:\/\/3d-academy.eu\/wp-content\/uploads\/2025\/03\/zmorph-all-in-one-3d-printers-FB1vd3XT_zQ-unsplash-1024x683.jpg 1024w, https:\/\/3d-academy.eu\/wp-content\/uploads\/2025\/03\/zmorph-all-in-one-3d-printers-FB1vd3XT_zQ-unsplash-768x512.jpg 768w, https:\/\/3d-academy.eu\/wp-content\/uploads\/2025\/03\/zmorph-all-in-one-3d-printers-FB1vd3XT_zQ-unsplash-1536x1024.jpg 1536w, https:\/\/3d-academy.eu\/wp-content\/uploads\/2025\/03\/zmorph-all-in-one-3d-printers-FB1vd3XT_zQ-unsplash-2048x1365.jpg 2048w, https:\/\/3d-academy.eu\/wp-content\/uploads\/2025\/03\/zmorph-all-in-one-3d-printers-FB1vd3XT_zQ-unsplash-18x12.jpg 18w\" sizes=\"(max-width: 300px) 100vw, 300px\" \/>\t\t\t<\/a>\n\t\t\t\t\t\n\t\t\t\t\t<div class=\"caption\">\n\t\t\t\t<h3 class=\"entry-title\">Modul 1: Napredne tehnike 3D printanja<\/h3>\n\t\t\t\t\t\t\t\t<div class=\"ld_course_grid_button\">\n\t\t\t\t\t<a\n\t\t\t\t\t\taria-label=\"Enroll Now: Module 1: Advanced 3D Printing Techniques\"\n\t\t\t\t\t\tclass=\"btn btn-primary\"\n\t\t\t\t\t\thref=\"https:\/\/3d-academy.eu\/bs\/courses\/module-1-advanced-3d-printing-techniques\/\"\n\t\t\t\t\t>\n\t\t\t\t\t\tEnroll Now\t\t\t\t\t<\/a>\n\t\t\t\t<\/div>\n\t\t\t\t\t\t\t<\/div><!-- .entry-header -->\n\t\t\t<\/article><!-- #post-## -->\n<\/div><!-- .ld_course_grid -->\n<!-- LearnDash Course Grid v1 --><div class=\"ld_course_grid col-sm-8 col-md-4\">\n\t<article id=\"post-2205\" class=\"thumbnail course post-2205 sfwd-courses type-sfwd-courses status-publish has-post-thumbnail hentry category-basic-level ld_course_category-basic-level\">\n\t\t\t\t\t\t\t\t<div class=\"ribbon\">\n\t\t\t\tBesplatno\t\t\t<\/div>\n\t\t\t\n\t\t\t\t\t\t<a\n\t\t\t\taria-hidden=\"true\"\n\t\t\t\thref=\"https:\/\/3d-academy.eu\/bs\/courses\/module-5-3d-technologies-in-education-process\/\"\n\t\t\t\ttabindex=\"-1\"\n\t\t\t>\n\t\t\t\t<img loading=\"lazy\" decoding=\"async\" width=\"300\" height=\"200\" src=\"https:\/\/3d-academy.eu\/wp-content\/uploads\/2025\/03\/tom-claes-WDZl_6HM2RM-unsplash-300x200.jpg\" class=\"attachment-medium size-medium wp-post-image\" alt=\"Modul 5: 3D tehnologije u obrazovnom procesu\" srcset=\"https:\/\/3d-academy.eu\/wp-content\/uploads\/2025\/03\/tom-claes-WDZl_6HM2RM-unsplash-300x200.jpg 300w, https:\/\/3d-academy.eu\/wp-content\/uploads\/2025\/03\/tom-claes-WDZl_6HM2RM-unsplash-1024x683.jpg 1024w, https:\/\/3d-academy.eu\/wp-content\/uploads\/2025\/03\/tom-claes-WDZl_6HM2RM-unsplash-768x512.jpg 768w, https:\/\/3d-academy.eu\/wp-content\/uploads\/2025\/03\/tom-claes-WDZl_6HM2RM-unsplash-1536x1024.jpg 1536w, https:\/\/3d-academy.eu\/wp-content\/uploads\/2025\/03\/tom-claes-WDZl_6HM2RM-unsplash-2048x1365.jpg 2048w, https:\/\/3d-academy.eu\/wp-content\/uploads\/2025\/03\/tom-claes-WDZl_6HM2RM-unsplash-18x12.jpg 18w\" sizes=\"(max-width: 300px) 100vw, 300px\" \/>\t\t\t<\/a>\n\t\t\t\t\t\n\t\t\t\t\t<div class=\"caption\">\n\t\t\t\t<h3 class=\"entry-title\">Modul 5: 3D tehnologije u obrazovnom procesu<\/h3>\n\t\t\t\t\t\t\t\t<div class=\"ld_course_grid_button\">\n\t\t\t\t\t<a\n\t\t\t\t\t\taria-label=\"Enroll Now: Module 5: 3D technologies in education process\"\n\t\t\t\t\t\tclass=\"btn btn-primary\"\n\t\t\t\t\t\thref=\"https:\/\/3d-academy.eu\/bs\/courses\/module-5-3d-technologies-in-education-process\/\"\n\t\t\t\t\t>\n\t\t\t\t\t\tEnroll Now\t\t\t\t\t<\/a>\n\t\t\t\t<\/div>\n\t\t\t\t\t\t\t<\/div><!-- .entry-header -->\n\t\t\t<\/article><!-- #post-## -->\n<\/div><!-- .ld_course_grid -->\n<!-- LearnDash Course Grid v1 --><div class=\"ld_course_grid col-sm-8 col-md-4\">\n\t<article id=\"post-2122\" class=\"thumbnail course post-2122 sfwd-courses type-sfwd-courses status-publish has-post-thumbnail hentry category-basic-level ld_course_category-basic-level\">\n\t\t\t\t\t\t\t\t<div class=\"ribbon\">\n\t\t\t\tBesplatno\t\t\t<\/div>\n\t\t\t\n\t\t\t\t\t\t<a\n\t\t\t\taria-hidden=\"true\"\n\t\t\t\thref=\"https:\/\/3d-academy.eu\/bs\/courses\/module-4-introduction-to-3d-modelling\/\"\n\t\t\t\ttabindex=\"-1\"\n\t\t\t>\n\t\t\t\t<img loading=\"lazy\" decoding=\"async\" width=\"300\" height=\"200\" src=\"https:\/\/3d-academy.eu\/wp-content\/uploads\/2025\/03\/tom-claes-1M7_12ynKG8-unsplash-300x200.jpg\" class=\"attachment-medium size-medium wp-post-image\" alt=\"Modul 4 - Uvod u 3D modeliranje\" srcset=\"https:\/\/3d-academy.eu\/wp-content\/uploads\/2025\/03\/tom-claes-1M7_12ynKG8-unsplash-300x200.jpg 300w, https:\/\/3d-academy.eu\/wp-content\/uploads\/2025\/03\/tom-claes-1M7_12ynKG8-unsplash-1024x683.jpg 1024w, https:\/\/3d-academy.eu\/wp-content\/uploads\/2025\/03\/tom-claes-1M7_12ynKG8-unsplash-768x512.jpg 768w, https:\/\/3d-academy.eu\/wp-content\/uploads\/2025\/03\/tom-claes-1M7_12ynKG8-unsplash-1536x1024.jpg 1536w, https:\/\/3d-academy.eu\/wp-content\/uploads\/2025\/03\/tom-claes-1M7_12ynKG8-unsplash-2048x1365.jpg 2048w, https:\/\/3d-academy.eu\/wp-content\/uploads\/2025\/03\/tom-claes-1M7_12ynKG8-unsplash-18x12.jpg 18w\" sizes=\"(max-width: 300px) 100vw, 300px\" \/>\t\t\t<\/a>\n\t\t\t\t\t\n\t\t\t\t\t<div class=\"caption\">\n\t\t\t\t<h3 class=\"entry-title\">Modul 4 - Uvod u 3D modeliranje<\/h3>\n\t\t\t\t\t\t\t\t<div class=\"ld_course_grid_button\">\n\t\t\t\t\t<a\n\t\t\t\t\t\taria-label=\"Enroll Now: Module 4 &#8211; Introduction to 3D Modelling\"\n\t\t\t\t\t\tclass=\"btn btn-primary\"\n\t\t\t\t\t\thref=\"https:\/\/3d-academy.eu\/bs\/courses\/module-4-introduction-to-3d-modelling\/\"\n\t\t\t\t\t>\n\t\t\t\t\t\tEnroll Now\t\t\t\t\t<\/a>\n\t\t\t\t<\/div>\n\t\t\t\t\t\t\t<\/div><!-- .entry-header -->\n\t\t\t<\/article><!-- #post-## -->\n<\/div><!-- .ld_course_grid -->\n<!-- LearnDash Course Grid v1 --><div class=\"ld_course_grid col-sm-8 col-md-4\">\n\t<article id=\"post-2052\" class=\"thumbnail course post-2052 sfwd-courses type-sfwd-courses status-publish has-post-thumbnail hentry category-basic-level ld_course_category-basic-level\">\n\t\t\t\t\t\t\t\t<div class=\"ribbon\">\n\t\t\t\tBesplatno\t\t\t<\/div>\n\t\t\t\n\t\t\t\t\t\t<a\n\t\t\t\taria-hidden=\"true\"\n\t\t\t\thref=\"https:\/\/3d-academy.eu\/bs\/courses\/module-3-introduction-to-3d-scanning\/\"\n\t\t\t\ttabindex=\"-1\"\n\t\t\t>\n\t\t\t\t<img loading=\"lazy\" decoding=\"async\" width=\"300\" height=\"200\" src=\"https:\/\/3d-academy.eu\/wp-content\/uploads\/2025\/02\/jakub-zerdzicki-AR8vAAw8kv8-unsplash-300x200.jpg\" class=\"attachment-medium size-medium wp-post-image\" alt=\"Modul 3 - Uvod u 3D skeniranje\" srcset=\"https:\/\/3d-academy.eu\/wp-content\/uploads\/2025\/02\/jakub-zerdzicki-AR8vAAw8kv8-unsplash-300x200.jpg 300w, https:\/\/3d-academy.eu\/wp-content\/uploads\/2025\/02\/jakub-zerdzicki-AR8vAAw8kv8-unsplash-1024x683.jpg 1024w, https:\/\/3d-academy.eu\/wp-content\/uploads\/2025\/02\/jakub-zerdzicki-AR8vAAw8kv8-unsplash-768x512.jpg 768w, https:\/\/3d-academy.eu\/wp-content\/uploads\/2025\/02\/jakub-zerdzicki-AR8vAAw8kv8-unsplash-1536x1025.jpg 1536w, https:\/\/3d-academy.eu\/wp-content\/uploads\/2025\/02\/jakub-zerdzicki-AR8vAAw8kv8-unsplash-2048x1366.jpg 2048w, https:\/\/3d-academy.eu\/wp-content\/uploads\/2025\/02\/jakub-zerdzicki-AR8vAAw8kv8-unsplash-18x12.jpg 18w\" sizes=\"(max-width: 300px) 100vw, 300px\" \/>\t\t\t<\/a>\n\t\t\t\t\t\n\t\t\t\t\t<div class=\"caption\">\n\t\t\t\t<h3 class=\"entry-title\">Modul 3 - Uvod u 3D skeniranje<\/h3>\n\t\t\t\t\t\t\t\t<div class=\"ld_course_grid_button\">\n\t\t\t\t\t<a\n\t\t\t\t\t\taria-label=\"Enroll Now: Module 3 &#8211; Introduction to 3D Scanning\"\n\t\t\t\t\t\tclass=\"btn btn-primary\"\n\t\t\t\t\t\thref=\"https:\/\/3d-academy.eu\/bs\/courses\/module-3-introduction-to-3d-scanning\/\"\n\t\t\t\t\t>\n\t\t\t\t\t\tEnroll Now\t\t\t\t\t<\/a>\n\t\t\t\t<\/div>\n\t\t\t\t\t\t\t<\/div><!-- .entry-header -->\n\t\t\t<\/article><!-- #post-## -->\n<\/div><!-- .ld_course_grid -->\n<!-- LearnDash Course Grid v1 --><div class=\"ld_course_grid col-sm-8 col-md-4\">\n\t<article id=\"post-1593\" class=\"thumbnail course post-1593 sfwd-courses type-sfwd-courses status-publish has-post-thumbnail hentry category-basic-level tag-basic-level ld_course_category-basic-level ld_course_tag-basic-level\">\n\t\t\t\t\t\t\t\t<div class=\"ribbon\">\n\t\t\t\tBesplatno\t\t\t<\/div>\n\t\t\t\n\t\t\t\t\t\t<a\n\t\t\t\taria-hidden=\"true\"\n\t\t\t\thref=\"https:\/\/3d-academy.eu\/bs\/courses\/module-2-introduction-to-3d-printing\/\"\n\t\t\t\ttabindex=\"-1\"\n\t\t\t>\n\t\t\t\t<img loading=\"lazy\" decoding=\"async\" width=\"300\" height=\"200\" src=\"https:\/\/3d-academy.eu\/wp-content\/uploads\/2025\/01\/kadir-celep-HsefvbLbNWc-unsplash-300x200.jpg\" class=\"attachment-medium size-medium wp-post-image\" alt=\"Modul 2: Uvod u 3D printanje\" srcset=\"https:\/\/3d-academy.eu\/wp-content\/uploads\/2025\/01\/kadir-celep-HsefvbLbNWc-unsplash-300x200.jpg 300w, https:\/\/3d-academy.eu\/wp-content\/uploads\/2025\/01\/kadir-celep-HsefvbLbNWc-unsplash-1024x683.jpg 1024w, https:\/\/3d-academy.eu\/wp-content\/uploads\/2025\/01\/kadir-celep-HsefvbLbNWc-unsplash-768x512.jpg 768w, https:\/\/3d-academy.eu\/wp-content\/uploads\/2025\/01\/kadir-celep-HsefvbLbNWc-unsplash-1536x1024.jpg 1536w, https:\/\/3d-academy.eu\/wp-content\/uploads\/2025\/01\/kadir-celep-HsefvbLbNWc-unsplash-2048x1366.jpg 2048w, https:\/\/3d-academy.eu\/wp-content\/uploads\/2025\/01\/kadir-celep-HsefvbLbNWc-unsplash-18x12.jpg 18w\" sizes=\"(max-width: 300px) 100vw, 300px\" \/>\t\t\t<\/a>\n\t\t\t\t\t\n\t\t\t\t\t<div class=\"caption\">\n\t\t\t\t<h3 class=\"entry-title\">Modul 2: Uvod u 3D printanje<\/h3>\n\t\t\t\t\t\t\t\t<div class=\"ld_course_grid_button\">\n\t\t\t\t\t<a\n\t\t\t\t\t\taria-label=\"Enroll Now: Module 2: Introduction to 3D Printing\"\n\t\t\t\t\t\tclass=\"btn btn-primary\"\n\t\t\t\t\t\thref=\"https:\/\/3d-academy.eu\/bs\/courses\/module-2-introduction-to-3d-printing\/\"\n\t\t\t\t\t>\n\t\t\t\t\t\tEnroll Now\t\t\t\t\t<\/a>\n\t\t\t\t<\/div>\n\t\t\t\t\t\t\t<\/div><!-- .entry-header -->\n\t\t\t<\/article><!-- #post-## -->\n<\/div><!-- .ld_course_grid -->\n<!-- LearnDash Course Grid v1 --><div class=\"ld_course_grid col-sm-8 col-md-4\">\n\t<article id=\"post-1371\" class=\"thumbnail course post-1371 sfwd-courses type-sfwd-courses status-publish has-post-thumbnail hentry category-basic-level ld_course_category-basic-level\">\n\t\t\t\t\t\t\t\t<div class=\"ribbon\">\n\t\t\t\tBesplatno\t\t\t<\/div>\n\t\t\t\n\t\t\t\t\t\t<a\n\t\t\t\taria-hidden=\"true\"\n\t\t\t\thref=\"https:\/\/3d-academy.eu\/bs\/courses\/module-1-introduction-to-3d-technologies\/\"\n\t\t\t\ttabindex=\"-1\"\n\t\t\t>\n\t\t\t\t<img loading=\"lazy\" decoding=\"async\" width=\"300\" height=\"200\" src=\"https:\/\/3d-academy.eu\/wp-content\/uploads\/2024\/03\/thisisengineering-raeng-1sk5Y2MK79Q-unsplash-300x200.jpg\" class=\"attachment-medium size-medium wp-post-image\" alt=\"Modul 1: Uvod u 3D tehnologije\" srcset=\"https:\/\/3d-academy.eu\/wp-content\/uploads\/2024\/03\/thisisengineering-raeng-1sk5Y2MK79Q-unsplash-300x200.jpg 300w, https:\/\/3d-academy.eu\/wp-content\/uploads\/2024\/03\/thisisengineering-raeng-1sk5Y2MK79Q-unsplash-1024x683.jpg 1024w, https:\/\/3d-academy.eu\/wp-content\/uploads\/2024\/03\/thisisengineering-raeng-1sk5Y2MK79Q-unsplash-768x512.jpg 768w, https:\/\/3d-academy.eu\/wp-content\/uploads\/2024\/03\/thisisengineering-raeng-1sk5Y2MK79Q-unsplash-1536x1025.jpg 1536w, https:\/\/3d-academy.eu\/wp-content\/uploads\/2024\/03\/thisisengineering-raeng-1sk5Y2MK79Q-unsplash-2048x1366.jpg 2048w\" sizes=\"(max-width: 300px) 100vw, 300px\" \/>\t\t\t<\/a>\n\t\t\t\t\t\n\t\t\t\t\t<div class=\"caption\">\n\t\t\t\t<h3 class=\"entry-title\">Modul 1: Uvod u 3D tehnologije<\/h3>\n\t\t\t\t\t\t\t\t<div class=\"ld_course_grid_button\">\n\t\t\t\t\t<a\n\t\t\t\t\t\taria-label=\"Enroll Now: Module 1:\u00a0Introduction to 3D Technologies\"\n\t\t\t\t\t\tclass=\"btn btn-primary\"\n\t\t\t\t\t\thref=\"https:\/\/3d-academy.eu\/bs\/courses\/module-1-introduction-to-3d-technologies\/\"\n\t\t\t\t\t>\n\t\t\t\t\t\tEnroll Now\t\t\t\t\t<\/a>\n\t\t\t\t<\/div>\n\t\t\t\t\t\t\t<\/div><!-- .entry-header -->\n\t\t\t<\/article><!-- #post-## -->\n<\/div><!-- .ld_course_grid -->\n\t<\/div>\n\t\t\t<\/div>\n\t\t<\/div>\n\t\t\t\t\t\t<\/div>\n\t\t\t\t<\/div>\n\t\t\t\t\t<\/div>\n\t\t<\/div>\n\t\t\t\t\t<\/div>\n\t\t<\/section>\n\t\t\t\t<\/div>","protected":false},"excerpt":{"rendered":"","protected":false},"author":1,"featured_media":0,"parent":0,"menu_order":0,"comment_status":"closed","ping_status":"closed","template":"elementor_canvas","meta":{"_eb_attr":"","om_disable_all_campaigns":false,"_monsterinsights_skip_tracking":false,"_monsterinsights_sitenote_active":false,"_monsterinsights_sitenote_note":"","_monsterinsights_sitenote_category":0,"site-sidebar-layout":"default","site-content-layout":"","ast-site-content-layout":"default","site-content-style":"default","site-sidebar-style":"default","ast-global-header-display":"","ast-banner-title-visibility":"","ast-main-header-display":"","ast-hfb-above-header-display":"","ast-hfb-below-header-display":"","ast-hfb-mobile-header-display":"","site-post-title":"","ast-breadcrumbs-content":"","ast-featured-img":"","footer-sml-layout":"","theme-transparent-header-meta":"","adv-header-id-meta":"","stick-header-meta":"","header-above-stick-meta":"","header-main-stick-meta":"","header-below-stick-meta":"","astra-migrate-meta-layouts":"default","ast-page-background-enabled":"default","ast-page-background-meta":{"desktop":{"background-color":"var(--ast-global-color-4)","background-image":"","background-repeat":"repeat","background-position":"center center","background-size":"auto","background-attachment":"scroll","background-type":"","background-media":"","overlay-type":"","overlay-color":"","overlay-opacity":"","overlay-gradient":""},"tablet":{"background-color":"","background-image":"","background-repeat":"repeat","background-position":"center center","background-size":"auto","background-attachment":"scroll","background-type":"","background-media":"","overlay-type":"","overlay-color":"","overlay-opacity":"","overlay-gradient":""},"mobile":{"background-color":"","background-image":"","background-repeat":"repeat","background-position":"center center","background-size":"auto","background-attachment":"scroll","background-type":"","background-media":"","overlay-type":"","overlay-color":"","overlay-opacity":"","overlay-gradient":""}},"ast-content-background-meta":{"desktop":{"background-color":"var(--ast-global-color-5)","background-image":"","background-repeat":"repeat","background-position":"center center","background-size":"auto","background-attachment":"scroll","background-type":"","background-media":"","overlay-type":"","overlay-color":"","overlay-opacity":"","overlay-gradient":""},"tablet":{"background-color":"var(--ast-global-color-5)","background-image":"","background-repeat":"repeat","background-position":"center center","background-size":"auto","background-attachment":"scroll","background-type":"","background-media":"","overlay-type":"","overlay-color":"","overlay-opacity":"","overlay-gradient":""},"mobile":{"background-color":"var(--ast-global-color-5)","background-image":"","background-repeat":"repeat","background-position":"center center","background-size":"auto","background-attachment":"scroll","background-type":"","background-media":"","overlay-type":"","overlay-color":"","overlay-opacity":"","overlay-gradient":""}},"footnotes":""},"class_list":["post-1454","page","type-page","status-publish","hentry"],"_links":{"self":[{"href":"https:\/\/3d-academy.eu\/bs\/wp-json\/wp\/v2\/pages\/1454","targetHints":{"allow":["GET"]}}],"collection":[{"href":"https:\/\/3d-academy.eu\/bs\/wp-json\/wp\/v2\/pages"}],"about":[{"href":"https:\/\/3d-academy.eu\/bs\/wp-json\/wp\/v2\/types\/page"}],"author":[{"embeddable":true,"href":"https:\/\/3d-academy.eu\/bs\/wp-json\/wp\/v2\/users\/1"}],"replies":[{"embeddable":true,"href":"https:\/\/3d-academy.eu\/bs\/wp-json\/wp\/v2\/comments?post=1454"}],"version-history":[{"count":9,"href":"https:\/\/3d-academy.eu\/bs\/wp-json\/wp\/v2\/pages\/1454\/revisions"}],"predecessor-version":[{"id":1467,"href":"https:\/\/3d-academy.eu\/bs\/wp-json\/wp\/v2\/pages\/1454\/revisions\/1467"}],"wp:attachment":[{"href":"https:\/\/3d-academy.eu\/bs\/wp-json\/wp\/v2\/media?parent=1454"}],"curies":[{"name":"wp","href":"https:\/\/api.w.org\/{rel}","templated":true}]}}