{"id":470,"date":"2024-04-02T15:27:17","date_gmt":"2024-04-02T14:27:17","guid":{"rendered":"https:\/\/3d-academy.eu\/?page_id=470"},"modified":"2025-08-19T16:33:05","modified_gmt":"2025-08-19T15:33:05","slug":"contact-us","status":"publish","type":"page","link":"https:\/\/3d-academy.eu\/bs\/contact-us\/","title":{"rendered":"Kontaktirajte nas"},"content":{"rendered":"<div data-elementor-type=\"wp-page\" data-elementor-id=\"470\" class=\"elementor elementor-470\">\n\t\t\t\t\t\t<section class=\"elementor-section elementor-top-section elementor-element elementor-element-26f706c elementor-hidden-mobile elementor-section-boxed elementor-section-height-default elementor-section-height-default\" data-id=\"26f706c\" data-element_type=\"section\" data-e-type=\"section\" data-settings=\"{&quot;background_background&quot;:&quot;classic&quot;}\">\n\t\t\t\t\t\t\t<div class=\"elementor-background-overlay\"><\/div>\n\t\t\t\t\t\t\t<div class=\"elementor-container elementor-column-gap-default\">\n\t\t\t\t\t<div class=\"elementor-column elementor-col-100 elementor-top-column elementor-element elementor-element-c4ac616\" data-id=\"c4ac616\" data-element_type=\"column\" data-e-type=\"column\">\n\t\t\t<div class=\"elementor-widget-wrap elementor-element-populated\">\n\t\t\t\t\t\t<section class=\"elementor-section elementor-inner-section elementor-element elementor-element-7207212 elementor-section-boxed elementor-section-height-default elementor-section-height-default\" data-id=\"7207212\" data-element_type=\"section\" data-e-type=\"section\">\n\t\t\t\t\t\t<div class=\"elementor-container elementor-column-gap-default\">\n\t\t\t\t\t<div class=\"elementor-column elementor-col-50 elementor-inner-column elementor-element elementor-element-a86ba23\" data-id=\"a86ba23\" data-element_type=\"column\" data-e-type=\"column\">\n\t\t\t<div class=\"elementor-widget-wrap elementor-element-populated\">\n\t\t\t\t\t\t<div class=\"elementor-element elementor-element-8596d4b elementor-widget elementor-widget-image\" data-id=\"8596d4b\" data-element_type=\"widget\" data-e-type=\"widget\" data-widget_type=\"image.default\">\n\t\t\t\t<div class=\"elementor-widget-container\">\n\t\t\t\t\t\t\t\t\t\t\t\t\t\t\t<img fetchpriority=\"high\" decoding=\"async\" width=\"1024\" height=\"1024\" src=\"https:\/\/3d-academy.eu\/wp-content\/uploads\/2024\/01\/3D-ACADEMY_LOGO-1024x1024.png\" class=\"attachment-large size-large wp-image-154\" alt=\"\" srcset=\"https:\/\/3d-academy.eu\/wp-content\/uploads\/2024\/01\/3D-ACADEMY_LOGO-1024x1024.png 1024w, https:\/\/3d-academy.eu\/wp-content\/uploads\/2024\/01\/3D-ACADEMY_LOGO-300x300.png 300w, https:\/\/3d-academy.eu\/wp-content\/uploads\/2024\/01\/3D-ACADEMY_LOGO-150x150.png 150w, https:\/\/3d-academy.eu\/wp-content\/uploads\/2024\/01\/3D-ACADEMY_LOGO-768x768.png 768w, https:\/\/3d-academy.eu\/wp-content\/uploads\/2024\/01\/3D-ACADEMY_LOGO-1536x1536.png 1536w, https:\/\/3d-academy.eu\/wp-content\/uploads\/2024\/01\/3D-ACADEMY_LOGO-2048x2048.png 2048w\" sizes=\"(max-width: 1024px) 100vw, 1024px\" \/>\t\t\t\t\t\t\t\t\t\t\t\t\t\t\t<\/div>\n\t\t\t\t<\/div>\n\t\t\t\t\t<\/div>\n\t\t<\/div>\n\t\t\t\t<div class=\"elementor-column elementor-col-50 elementor-inner-column elementor-element elementor-element-3c0b6e2\" data-id=\"3c0b6e2\" data-element_type=\"column\" data-e-type=\"column\">\n\t\t\t<div class=\"elementor-widget-wrap elementor-element-populated\">\n\t\t\t\t\t\t<div class=\"elementor-element elementor-element-a812682 elementor-widget elementor-widget-ekit-nav-menu\" data-id=\"a812682\" data-element_type=\"widget\" data-e-type=\"widget\" data-widget_type=\"ekit-nav-menu.default\">\n\t\t\t\t<div class=\"elementor-widget-container\">\n\t\t\t\t\t\t\t<nav class=\"ekit-wid-con ekit_menu_responsive_tablet\"\n\t\t\tdata-hamburger-icon=\"\"\n\t\t\tdata-hamburger-icon-type=\"icon\"\n\t\t\tdata-responsive-breakpoint=\"1024\">\n\t\t\t            <button class=\"elementskit-menu-hamburger elementskit-menu-toggler\"  type=\"button\" aria-label=\"ikona-hamburgera\">\n                                    <span class=\"elementskit-menu-hamburger-icon\"><\/span><span class=\"elementskit-menu-hamburger-icon\"><\/span><span class=\"elementskit-menu-hamburger-icon\"><\/span>\n                            <\/button>\n            <div id=\"ekit-megamenu-main\" class=\"elementskit-menu-container elementskit-menu-offcanvas-elements elementskit-navbar-nav-default ekit-nav-menu-one-page-no ekit-nav-dropdown-hover\"><ul id=\"menu-main\" class=\"elementskit-navbar-nav elementskit-menu-po-right submenu-click-on-icon\"><li id=\"menu-item-25\" class=\"menu-item menu-item-type-post_type menu-item-object-page menu-item-home menu-item-25 nav-item elementskit-mobile-builder-content\" data-vertical-menu=\"750px\"><a href=\"https:\/\/3d-academy.eu\/bs\/\" class=\"ekit-menu-nav-link menu-link\">Po\u010detna<\/a><\/li>\n<li id=\"menu-item-355\" class=\"menu-item menu-item-type-post_type menu-item-object-page menu-item-355 nav-item elementskit-mobile-builder-content\" data-vertical-menu=\"750px\"><a href=\"https:\/\/3d-academy.eu\/bs\/about-us\/\" class=\"ekit-menu-nav-link menu-link\">O nama<\/a><\/li>\n<li id=\"menu-item-2426\" class=\"menu-item menu-item-type-post_type menu-item-object-page menu-item-has-children menu-item-2426 nav-item elementskit-dropdown-has relative_position elementskit-dropdown-menu-default_width elementskit-mobile-builder-content\" data-vertical-menu=\"750px\"><a aria-expanded=\"false\" href=\"https:\/\/3d-academy.eu\/bs\/courses-2\/\" class=\"ekit-menu-nav-link ekit-menu-dropdown-toggle menu-link\">Kursevi<i aria-hidden=\"true\" class=\"icon icon-down-arrow1 elementskit-submenu-indicator\"><\/i><\/a>\n<ul class=\"elementskit-dropdown elementskit-submenu-panel\">\n\t<li id=\"menu-item-1563\" class=\"menu-item menu-item-type-custom menu-item-object-custom menu-item-has-children menu-item-1563 nav-item elementskit-dropdown-has relative_position elementskit-dropdown-menu-default_width elementskit-mobile-builder-content\" data-vertical-menu=\"750px\"><a aria-expanded=\"false\" href=\"https:\/\/3d-academy.eu\/bs\/\" class=\"dropdown-item menu-link\">Osnovni nivo<i aria-hidden=\"true\" class=\"icon icon-down-arrow1 elementskit-submenu-indicator\"><\/i><\/a>\n\t<ul class=\"elementskit-dropdown elementskit-submenu-panel\">\n\t\t<li id=\"menu-item-1566\" class=\"menu-item menu-item-type-post_type menu-item-object-sfwd-courses menu-item-1566 nav-item elementskit-mobile-builder-content\" data-vertical-menu=\"750px\"><a href=\"https:\/\/3d-academy.eu\/bs\/courses\/module-1-introduction-to-3d-technologies\/\" class=\"dropdown-item menu-link\">Modul 1: Uvod u 3D tehnologije<\/a>\t\t<li id=\"menu-item-1597\" class=\"menu-item menu-item-type-post_type menu-item-object-sfwd-courses menu-item-1597 nav-item elementskit-mobile-builder-content\" data-vertical-menu=\"750px\"><a href=\"https:\/\/3d-academy.eu\/bs\/courses\/module-2-introduction-to-3d-printing\/\" class=\"dropdown-item menu-link\">Modul 2: Uvod u 3D printanje<\/a>\t\t<li id=\"menu-item-2063\" class=\"menu-item menu-item-type-post_type menu-item-object-sfwd-courses menu-item-2063 nav-item elementskit-mobile-builder-content\" data-vertical-menu=\"750px\"><a href=\"https:\/\/3d-academy.eu\/bs\/courses\/module-3-introduction-to-3d-scanning\/\" class=\"dropdown-item menu-link\">Modul 3 - Uvod u 3D skeniranje<\/a>\t\t<li id=\"menu-item-2207\" class=\"menu-item menu-item-type-post_type menu-item-object-sfwd-courses menu-item-2207 nav-item elementskit-mobile-builder-content\" data-vertical-menu=\"750px\"><a href=\"https:\/\/3d-academy.eu\/bs\/courses\/module-4-introduction-to-3d-modelling\/\" class=\"dropdown-item menu-link\">Modul 4 - Uvod u 3D modeliranje<\/a>\t\t<li id=\"menu-item-2206\" class=\"menu-item menu-item-type-post_type menu-item-object-sfwd-courses menu-item-2206 nav-item elementskit-mobile-builder-content\" data-vertical-menu=\"750px\"><a href=\"https:\/\/3d-academy.eu\/bs\/courses\/module-5-3d-technologies-in-education-process\/\" class=\"dropdown-item menu-link\">Modul 5: 3D tehnologije u obrazovnom procesu<\/a>\t<\/ul>\n\t<li id=\"menu-item-1564\" class=\"menu-item menu-item-type-custom menu-item-object-custom menu-item-has-children menu-item-1564 nav-item elementskit-dropdown-has relative_position elementskit-dropdown-menu-default_width elementskit-mobile-builder-content\" data-vertical-menu=\"750px\"><a aria-expanded=\"false\" href=\"https:\/\/3d-academy.eu\/bs\/\" class=\"dropdown-item menu-link\">Napredni nivo<i aria-hidden=\"true\" class=\"icon icon-down-arrow1 elementskit-submenu-indicator\"><\/i><\/a>\n\t<ul class=\"elementskit-dropdown elementskit-submenu-panel\">\n\t\t<li id=\"menu-item-2281\" class=\"menu-item menu-item-type-post_type menu-item-object-sfwd-courses menu-item-2281 nav-item elementskit-mobile-builder-content\" data-vertical-menu=\"750px\"><a href=\"https:\/\/3d-academy.eu\/bs\/courses\/module-1-advanced-3d-printing-techniques\/\" class=\"dropdown-item menu-link\">Modul 1: Napredne tehnike 3D printanja<\/a>\t\t<li id=\"menu-item-3165\" class=\"menu-item menu-item-type-post_type menu-item-object-sfwd-courses menu-item-3165 nav-item elementskit-mobile-builder-content\" data-vertical-menu=\"750px\"><a href=\"https:\/\/3d-academy.eu\/bs\/courses\/module-2-advanced-3d-scanning-techniques\/\" class=\"dropdown-item menu-link\">Modul 2: Napredne tehnologije 3D skeniranja<\/a>\t\t<li id=\"menu-item-3191\" class=\"menu-item menu-item-type-post_type menu-item-object-sfwd-courses menu-item-3191 nav-item elementskit-mobile-builder-content\" data-vertical-menu=\"750px\"><a href=\"https:\/\/3d-academy.eu\/bs\/courses\/module-3-advanced-3d-modeling-techniques\/\" class=\"dropdown-item menu-link\">Module 3 - Napredne tehnike 3D modeliranja<\/a>\t\t<li id=\"menu-item-3251\" class=\"menu-item menu-item-type-post_type menu-item-object-sfwd-courses menu-item-3251 nav-item elementskit-mobile-builder-content\" data-vertical-menu=\"750px\"><a href=\"https:\/\/3d-academy.eu\/bs\/courses\/module-4-future-trends-and-practical-solutions\/\" class=\"dropdown-item menu-link\">Modul 4: Budu\u0107i trendovi i prakti\u010dna rje\u0161enja<\/a>\t<\/ul>\n<\/ul>\n<\/li>\n<li id=\"menu-item-3846\" class=\"menu-item menu-item-type-post_type menu-item-object-page menu-item-3846 nav-item elementskit-mobile-builder-content\" data-vertical-menu=\"750px\"><a href=\"https:\/\/3d-academy.eu\/bs\/trainer-manuals\/\" class=\"ekit-menu-nav-link menu-link\">Priru\u010dnici za trenere<\/a><\/li>\n<li id=\"menu-item-454\" class=\"menu-item menu-item-type-post_type menu-item-object-page menu-item-454 nav-item elementskit-mobile-builder-content\" data-vertical-menu=\"750px\"><a href=\"https:\/\/3d-academy.eu\/bs\/news\/\" class=\"ekit-menu-nav-link menu-link\">Novosti<\/a><\/li>\n<li id=\"menu-item-542\" class=\"menu-item menu-item-type-post_type menu-item-object-page menu-item-542 nav-item elementskit-mobile-builder-content\" data-vertical-menu=\"750px\"><a href=\"https:\/\/3d-academy.eu\/bs\/resource-board\/\" class=\"ekit-menu-nav-link menu-link\">Biblioteka resursa<\/a><\/li>\n<li id=\"menu-item-491\" class=\"menu-item menu-item-type-post_type menu-item-object-page menu-item-491 nav-item elementskit-mobile-builder-content\" data-vertical-menu=\"750px\"><a href=\"https:\/\/3d-academy.eu\/bs\/register\/\" class=\"ekit-menu-nav-link menu-link\">Registracija<\/a><\/li>\n<li id=\"menu-item-492\" class=\"menu-item menu-item-type-post_type menu-item-object-page menu-item-492 nav-item elementskit-mobile-builder-content\" data-vertical-menu=\"750px\"><a href=\"https:\/\/3d-academy.eu\/bs\/login\/\" class=\"ekit-menu-nav-link menu-link\">Prijava<\/a><\/li>\n<li id=\"menu-item-494\" class=\"menu-item menu-item-type-post_type menu-item-object-page menu-item-494 nav-item elementskit-mobile-builder-content\" data-vertical-menu=\"750px\"><a href=\"https:\/\/3d-academy.eu\/bs\/contact-us\/\" class=\"ekit-menu-nav-link menu-link\">Kontaktirajte nas<\/a><\/li>\n<\/ul><div class=\"elementskit-nav-identity-panel\"><button class=\"elementskit-menu-close elementskit-menu-toggler\" type=\"button\">X<\/button><\/div><\/div>\n\t\t\t<div class=\"elementskit-menu-overlay elementskit-menu-offcanvas-elements elementskit-menu-toggler ekit-nav-menu--overlay\"><\/div>        <\/nav>\n\t\t\t\t\t\t<\/div>\n\t\t\t\t<\/div>\n\t\t\t\t\t<\/div>\n\t\t<\/div>\n\t\t\t\t\t<\/div>\n\t\t<\/section>\n\t\t\t\t\t<\/div>\n\t\t<\/div>\n\t\t\t\t\t<\/div>\n\t\t<\/section>\n\t\t\t\t<section class=\"elementor-section elementor-top-section elementor-element elementor-element-514bd93 elementor-hidden-desktop elementor-hidden-tablet elementor-section-boxed elementor-section-height-default elementor-section-height-default\" data-id=\"514bd93\" data-element_type=\"section\" data-e-type=\"section\">\n\t\t\t\t\t\t<div class=\"elementor-container elementor-column-gap-default\">\n\t\t\t\t\t<div class=\"elementor-column elementor-col-100 elementor-top-column elementor-element elementor-element-cbbc8a7\" data-id=\"cbbc8a7\" data-element_type=\"column\" data-e-type=\"column\">\n\t\t\t<div class=\"elementor-widget-wrap elementor-element-populated\">\n\t\t\t\t\t\t<div class=\"elementor-element elementor-element-9d93966 elementor-widget elementor-widget-ekit-nav-menu\" data-id=\"9d93966\" data-element_type=\"widget\" data-e-type=\"widget\" data-widget_type=\"ekit-nav-menu.default\">\n\t\t\t\t<div class=\"elementor-widget-container\">\n\t\t\t\t\t\t\t<nav class=\"ekit-wid-con ekit_menu_responsive_tablet\"\n\t\t\tdata-hamburger-icon=\"\"\n\t\t\tdata-hamburger-icon-type=\"icon\"\n\t\t\tdata-responsive-breakpoint=\"1024\">\n\t\t\t        <\/nav>\n\t\t\t\t\t\t<\/div>\n\t\t\t\t<\/div>\n\t\t\t\t<div class=\"elementor-element elementor-element-4657770 elementor-widget elementor-widget-image\" data-id=\"4657770\" data-element_type=\"widget\" data-e-type=\"widget\" data-widget_type=\"image.default\">\n\t\t\t\t<div class=\"elementor-widget-container\">\n\t\t\t\t\t\t\t\t\t\t\t\t\t\t\t<img decoding=\"async\" width=\"150\" height=\"150\" src=\"https:\/\/3d-academy.eu\/wp-content\/uploads\/2024\/01\/3D-ACADEMY_LOGOTYPE_Vertical-150x150.png\" class=\"attachment-thumbnail size-thumbnail wp-image-155\" alt=\"\" \/>\t\t\t\t\t\t\t\t\t\t\t\t\t\t\t<\/div>\n\t\t\t\t<\/div>\n\t\t\t\t\t<\/div>\n\t\t<\/div>\n\t\t\t\t\t<\/div>\n\t\t<\/section>\n\t\t\t\t<section class=\"elementor-section elementor-top-section elementor-element elementor-element-112533c elementor-section-boxed elementor-section-height-default elementor-section-height-default\" data-id=\"112533c\" data-element_type=\"section\" data-e-type=\"section\" data-settings=\"{&quot;background_background&quot;:&quot;classic&quot;,&quot;shape_divider_top&quot;:&quot;waves&quot;}\">\n\t\t\t\t\t<div class=\"elementor-shape elementor-shape-top\" aria-hidden=\"true\" data-negative=\"false\">\n\t\t\t<svg xmlns=\"http:\/\/www.w3.org\/2000\/svg\" viewbox=\"0 0 1000 100\" preserveaspectratio=\"none\">\n\t<path class=\"elementor-shape-fill\" d=\"M421.9,6.5c22.6-2.5,51.5,0.4,75.5,5.3c23.6,4.9,70.9,23.5,100.5,35.7c75.8,32.2,133.7,44.5,192.6,49.7\tc23.6,2.1,48.7,3.5,103.4-2.5c54.7-6,106.2-25.6,106.2-25.6V0H0v30.3c0,0,72,32.6,158.4,30.5c39.2-0.7,92.8-6.7,134-22.4\tc21.2-8.1,52.2-18.2,79.7-24.2C399.3,7.9,411.6,7.5,421.9,6.5z\"\/>\n<\/svg>\t\t<\/div>\n\t\t\t\t\t<div class=\"elementor-container elementor-column-gap-default\">\n\t\t\t\t\t<div class=\"elementor-column elementor-col-100 elementor-top-column elementor-element elementor-element-503081d\" data-id=\"503081d\" data-element_type=\"column\" data-e-type=\"column\">\n\t\t\t<div class=\"elementor-widget-wrap elementor-element-populated\">\n\t\t\t\t\t\t<section class=\"elementor-section elementor-inner-section elementor-element elementor-element-ed68624 elementor-section-boxed elementor-section-height-default elementor-section-height-default\" data-id=\"ed68624\" data-element_type=\"section\" data-e-type=\"section\">\n\t\t\t\t\t\t<div class=\"elementor-container elementor-column-gap-default\">\n\t\t\t\t\t<div class=\"elementor-column elementor-col-100 elementor-inner-column elementor-element elementor-element-0c38b44\" data-id=\"0c38b44\" data-element_type=\"column\" data-e-type=\"column\">\n\t\t\t<div class=\"elementor-widget-wrap elementor-element-populated\">\n\t\t\t\t\t\t<div class=\"elementor-element elementor-element-6405427 elementor-widget elementor-widget-spacer\" data-id=\"6405427\" data-element_type=\"widget\" data-e-type=\"widget\" data-widget_type=\"spacer.default\">\n\t\t\t\t<div class=\"elementor-widget-container\">\n\t\t\t\t\t\t\t<div class=\"elementor-spacer\">\n\t\t\t<div class=\"elementor-spacer-inner\"><\/div>\n\t\t<\/div>\n\t\t\t\t\t\t<\/div>\n\t\t\t\t<\/div>\n\t\t\t\t<div class=\"elementor-element elementor-element-f405af6 elementor-invisible elementor-widget elementor-widget-heading\" data-id=\"f405af6\" data-element_type=\"widget\" data-e-type=\"widget\" data-settings=\"{&quot;_animation&quot;:&quot;slideInDown&quot;}\" data-widget_type=\"heading.default\">\n\t\t\t\t<div class=\"elementor-widget-container\">\n\t\t\t\t\t<h2 class=\"elementor-heading-title elementor-size-default\">Kontaktirajte nas<\/h2>\t\t\t\t<\/div>\n\t\t\t\t<\/div>\n\t\t\t\t<div class=\"elementor-element elementor-element-b7edfaf elementor-view-stacked elementor-shape-circle elementor-widget elementor-widget-icon\" data-id=\"b7edfaf\" data-element_type=\"widget\" data-e-type=\"widget\" data-widget_type=\"icon.default\">\n\t\t\t\t<div class=\"elementor-widget-container\">\n\t\t\t\t\t\t\t<div class=\"elementor-icon-wrapper\">\n\t\t\t<a class=\"elementor-icon\" href=\"http:\/\/3dacademyproject@gmail.com\" target=\"_blank\">\n\t\t\t<i aria-hidden=\"true\" class=\"icon icon-email\"><\/i>\t\t\t<\/a>\n\t\t<\/div>\n\t\t\t\t\t\t<\/div>\n\t\t\t\t<\/div>\n\t\t\t\t<div class=\"elementor-element elementor-element-de2eb58 elementor-widget elementor-widget-text-editor\" data-id=\"de2eb58\" data-element_type=\"widget\" data-e-type=\"widget\" data-widget_type=\"text-editor.default\">\n\t\t\t\t<div class=\"elementor-widget-container\">\n\t\t\t\t\t\t\t\t\t<p class=\"translation-block\">To get in touch with us, contact us at <strong>3dacademyproject@gmail.com<\/strong><\/p>\t\t\t\t\t\t\t\t<\/div>\n\t\t\t\t<\/div>\n\t\t\t\t\t<\/div>\n\t\t<\/div>\n\t\t\t\t\t<\/div>\n\t\t<\/section>\n\t\t\t\t\t<\/div>\n\t\t<\/div>\n\t\t\t\t\t<\/div>\n\t\t<\/section>\n\t\t\t\t<section class=\"elementor-section elementor-top-section elementor-element elementor-element-888b901 elementor-section-boxed elementor-section-height-default elementor-section-height-default\" data-id=\"888b901\" data-element_type=\"section\" data-e-type=\"section\">\n\t\t\t\t\t\t<div class=\"elementor-container elementor-column-gap-default\">\n\t\t\t\t\t<div class=\"elementor-column elementor-col-100 elementor-top-column elementor-element elementor-element-6496dcf\" data-id=\"6496dcf\" data-element_type=\"column\" data-e-type=\"column\">\n\t\t\t<div class=\"elementor-widget-wrap elementor-element-populated\">\n\t\t\t\t\t\t<div class=\"elementor-element elementor-element-c13142b elementor-widget elementor-widget-spacer\" data-id=\"c13142b\" data-element_type=\"widget\" data-e-type=\"widget\" data-widget_type=\"spacer.default\">\n\t\t\t\t<div class=\"elementor-widget-container\">\n\t\t\t\t\t\t\t<div class=\"elementor-spacer\">\n\t\t\t<div class=\"elementor-spacer-inner\"><\/div>\n\t\t<\/div>\n\t\t\t\t\t\t<\/div>\n\t\t\t\t<\/div>\n\t\t\t\t<section class=\"elementor-section elementor-inner-section elementor-element elementor-element-587c356 elementor-section-boxed elementor-section-height-default elementor-section-height-default\" data-id=\"587c356\" data-element_type=\"section\" data-e-type=\"section\">\n\t\t\t\t\t\t<div class=\"elementor-container elementor-column-gap-default\">\n\t\t\t\t\t<div class=\"elementor-column elementor-col-50 elementor-inner-column elementor-element elementor-element-6aa6b0a\" data-id=\"6aa6b0a\" data-element_type=\"column\" data-e-type=\"column\">\n\t\t\t<div class=\"elementor-widget-wrap elementor-element-populated\">\n\t\t\t\t\t\t<div class=\"elementor-element elementor-element-71162e8 elementor-widget elementor-widget-image\" data-id=\"71162e8\" data-element_type=\"widget\" data-e-type=\"widget\" data-widget_type=\"image.default\">\n\t\t\t\t<div class=\"elementor-widget-container\">\n\t\t\t\t\t\t\t\t\t\t\t\t\t\t\t<img decoding=\"async\" width=\"1024\" height=\"215\" src=\"http:\/\/3d-academy.eu\/wp-content\/uploads\/2024\/05\/BH_Co-fundedbytheEU_RGB_POS.png\" class=\"attachment-large size-large wp-image-179\" alt=\"\" srcset=\"https:\/\/3d-academy.eu\/wp-content\/uploads\/2024\/05\/BH_Co-fundedbytheEU_RGB_POS.png 3516w, https:\/\/3d-academy.eu\/wp-content\/uploads\/2024\/05\/BH_Co-fundedbytheEU_RGB_POS-300x78.png 300w, https:\/\/3d-academy.eu\/wp-content\/uploads\/2024\/05\/BH_Co-fundedbytheEU_RGB_POS-1024x268.png 1024w, https:\/\/3d-academy.eu\/wp-content\/uploads\/2024\/05\/BH_Co-fundedbytheEU_RGB_POS-768x201.png 768w, https:\/\/3d-academy.eu\/wp-content\/uploads\/2024\/05\/BH_Co-fundedbytheEU_RGB_POS-1536x401.png 1536w, https:\/\/3d-academy.eu\/wp-content\/uploads\/2024\/05\/BH_Co-fundedbytheEU_RGB_POS-2048x535.png 2048w, https:\/\/3d-academy.eu\/wp-content\/uploads\/2024\/05\/BH_Co-fundedbytheEU_RGB_POS-18x5.png 18w\" sizes=\"(max-width: 1024px) 100vw, 1024px\" \/>\t\t\t\t\t\t\t\t\t\t\t\t\t\t\t<\/div>\n\t\t\t\t<\/div>\n\t\t\t\t\t<\/div>\n\t\t<\/div>\n\t\t\t\t<div class=\"elementor-column elementor-col-50 elementor-inner-column elementor-element elementor-element-5119589\" data-id=\"5119589\" data-element_type=\"column\" data-e-type=\"column\">\n\t\t\t<div class=\"elementor-widget-wrap elementor-element-populated\">\n\t\t\t\t\t\t<div class=\"elementor-element elementor-element-26c9f77 elementor-widget elementor-widget-text-editor\" data-id=\"26c9f77\" data-element_type=\"widget\" data-e-type=\"widget\" data-widget_type=\"text-editor.default\">\n\t\t\t\t<div class=\"elementor-widget-container\">\n\t\t\t\t\t\t\t\t\t<p>Finansirano od strane Evropske unije. Mi\u0161ljenja izra\u017eena u ovom materijalu isklju\u010divo su mi\u0161ljenja autora i ne odra\u017eavaju nu\u017eno mi\u0161ljenja Evropske unije ili Europske izvr\u0161na agencije za obrazovanje i kulturu (EACEA). Ni Evropska unija ni EACEA ne mogu biti odgovorni za njih.<\/p>\t\t\t\t\t\t\t\t<\/div>\n\t\t\t\t<\/div>\n\t\t\t\t\t<\/div>\n\t\t<\/div>\n\t\t\t\t\t<\/div>\n\t\t<\/section>\n\t\t\t\t\t<\/div>\n\t\t<\/div>\n\t\t\t\t\t<\/div>\n\t\t<\/section>\n\t\t\t\t<\/div>","protected":false},"excerpt":{"rendered":"<p>Home About Us Courses Basic Level Module 1:\u00a0Introduction to 3D Technologies Module 2: Introduction to 3D Printing Module 3 \u2013 [&hellip;]<\/p>\n","protected":false},"author":1,"featured_media":0,"parent":0,"menu_order":0,"comment_status":"closed","ping_status":"closed","template":"elementor_canvas","meta":{"_eb_attr":"","om_disable_all_campaigns":false,"_monsterinsights_skip_tracking":false,"_monsterinsights_sitenote_active":false,"_monsterinsights_sitenote_note":"","_monsterinsights_sitenote_category":0,"site-sidebar-layout":"no-sidebar","site-content-layout":"","ast-site-content-layout":"full-width-container","site-content-style":"default","site-sidebar-style":"default","ast-global-header-display":"","ast-banner-title-visibility":"","ast-main-header-display":"","ast-hfb-above-header-display":"","ast-hfb-below-header-display":"","ast-hfb-mobile-header-display":"","site-post-title":"disabled","ast-breadcrumbs-content":"","ast-featured-img":"disabled","footer-sml-layout":"","theme-transparent-header-meta":"","adv-header-id-meta":"","stick-header-meta":"","header-above-stick-meta":"","header-main-stick-meta":"","header-below-stick-meta":"","astra-migrate-meta-layouts":"default","ast-page-background-enabled":"default","ast-page-background-meta":{"desktop":{"background-color":"var(--ast-global-color-4)","background-image":"","background-repeat":"repeat","background-position":"center center","background-size":"auto","background-attachment":"scroll","background-type":"","background-media":"","overlay-type":"","overlay-color":"","overlay-opacity":"","overlay-gradient":""},"tablet":{"background-color":"","background-image":"","background-repeat":"repeat","background-position":"center center","background-size":"auto","background-attachment":"scroll","background-type":"","background-media":"","overlay-type":"","overlay-color":"","overlay-opacity":"","overlay-gradient":""},"mobile":{"background-color":"","background-image":"","background-repeat":"repeat","background-position":"center center","background-size":"auto","background-attachment":"scroll","background-type":"","background-media":"","overlay-type":"","overlay-color":"","overlay-opacity":"","overlay-gradient":""}},"ast-content-background-meta":{"desktop":{"background-color":"var(--ast-global-color-5)","background-image":"","background-repeat":"repeat","background-position":"center center","background-size":"auto","background-attachment":"scroll","background-type":"","background-media":"","overlay-type":"","overlay-color":"","overlay-opacity":"","overlay-gradient":""},"tablet":{"background-color":"var(--ast-global-color-5)","background-image":"","background-repeat":"repeat","background-position":"center center","background-size":"auto","background-attachment":"scroll","background-type":"","background-media":"","overlay-type":"","overlay-color":"","overlay-opacity":"","overlay-gradient":""},"mobile":{"background-color":"var(--ast-global-color-5)","background-image":"","background-repeat":"repeat","background-position":"center center","background-size":"auto","background-attachment":"scroll","background-type":"","background-media":"","overlay-type":"","overlay-color":"","overlay-opacity":"","overlay-gradient":""}},"footnotes":""},"class_list":["post-470","page","type-page","status-publish","hentry"],"_links":{"self":[{"href":"https:\/\/3d-academy.eu\/bs\/wp-json\/wp\/v2\/pages\/470","targetHints":{"allow":["GET"]}}],"collection":[{"href":"https:\/\/3d-academy.eu\/bs\/wp-json\/wp\/v2\/pages"}],"about":[{"href":"https:\/\/3d-academy.eu\/bs\/wp-json\/wp\/v2\/types\/page"}],"author":[{"embeddable":true,"href":"https:\/\/3d-academy.eu\/bs\/wp-json\/wp\/v2\/users\/1"}],"replies":[{"embeddable":true,"href":"https:\/\/3d-academy.eu\/bs\/wp-json\/wp\/v2\/comments?post=470"}],"version-history":[{"count":16,"href":"https:\/\/3d-academy.eu\/bs\/wp-json\/wp\/v2\/pages\/470\/revisions"}],"predecessor-version":[{"id":3494,"href":"https:\/\/3d-academy.eu\/bs\/wp-json\/wp\/v2\/pages\/470\/revisions\/3494"}],"wp:attachment":[{"href":"https:\/\/3d-academy.eu\/bs\/wp-json\/wp\/v2\/media?parent=470"}],"curies":[{"name":"wp","href":"https:\/\/api.w.org\/{rel}","templated":true}]}}