{"id":489,"date":"2024-04-02T15:51:54","date_gmt":"2024-04-02T14:51:54","guid":{"rendered":"https:\/\/3d-academy.eu\/password-reset\/"},"modified":"2024-12-03T14:09:53","modified_gmt":"2024-12-03T14:09:53","slug":"password-reset","status":"publish","type":"page","link":"https:\/\/3d-academy.eu\/bs\/password-reset\/","title":{"rendered":"Password Reset"},"content":{"rendered":"<div data-elementor-type=\"wp-page\" data-elementor-id=\"489\" class=\"elementor elementor-489\">\n\t\t\t\t\t\t<section class=\"elementor-section elementor-top-section elementor-element elementor-element-4d87d2c elementor-hidden-mobile elementor-section-boxed elementor-section-height-default elementor-section-height-default\" data-id=\"4d87d2c\" data-element_type=\"section\" data-e-type=\"section\" data-settings=\"{&quot;background_background&quot;:&quot;classic&quot;}\">\n\t\t\t\t\t\t<div class=\"elementor-container elementor-column-gap-default\">\n\t\t\t\t\t<div class=\"elementor-column elementor-col-100 elementor-top-column elementor-element elementor-element-9858287\" data-id=\"9858287\" data-element_type=\"column\" data-e-type=\"column\">\n\t\t\t<div class=\"elementor-widget-wrap elementor-element-populated\">\n\t\t\t\t\t\t<section class=\"elementor-section elementor-inner-section elementor-element elementor-element-f7ed7e4 elementor-section-boxed elementor-section-height-default elementor-section-height-default\" data-id=\"f7ed7e4\" data-element_type=\"section\" data-e-type=\"section\">\n\t\t\t\t\t\t<div class=\"elementor-container elementor-column-gap-default\">\n\t\t\t\t\t<div class=\"elementor-column elementor-col-50 elementor-inner-column elementor-element elementor-element-929731f\" data-id=\"929731f\" data-element_type=\"column\" data-e-type=\"column\">\n\t\t\t<div class=\"elementor-widget-wrap elementor-element-populated\">\n\t\t\t\t\t\t<div class=\"elementor-element elementor-element-1749ace elementor-widget elementor-widget-image\" data-id=\"1749ace\" data-element_type=\"widget\" data-e-type=\"widget\" data-widget_type=\"image.default\">\n\t\t\t\t<div class=\"elementor-widget-container\">\n\t\t\t\t\t\t\t\t\t\t\t\t\t\t\t<img fetchpriority=\"high\" decoding=\"async\" width=\"1024\" height=\"1024\" src=\"https:\/\/3d-academy.eu\/wp-content\/uploads\/2024\/01\/3D-ACADEMY_LOGO-1024x1024.png\" class=\"attachment-large size-large wp-image-154\" alt=\"\" srcset=\"https:\/\/3d-academy.eu\/wp-content\/uploads\/2024\/01\/3D-ACADEMY_LOGO-1024x1024.png 1024w, https:\/\/3d-academy.eu\/wp-content\/uploads\/2024\/01\/3D-ACADEMY_LOGO-300x300.png 300w, https:\/\/3d-academy.eu\/wp-content\/uploads\/2024\/01\/3D-ACADEMY_LOGO-150x150.png 150w, https:\/\/3d-academy.eu\/wp-content\/uploads\/2024\/01\/3D-ACADEMY_LOGO-768x768.png 768w, https:\/\/3d-academy.eu\/wp-content\/uploads\/2024\/01\/3D-ACADEMY_LOGO-1536x1536.png 1536w, https:\/\/3d-academy.eu\/wp-content\/uploads\/2024\/01\/3D-ACADEMY_LOGO-2048x2048.png 2048w\" sizes=\"(max-width: 1024px) 100vw, 1024px\" \/>\t\t\t\t\t\t\t\t\t\t\t\t\t\t\t<\/div>\n\t\t\t\t<\/div>\n\t\t\t\t\t<\/div>\n\t\t<\/div>\n\t\t\t\t<div class=\"elementor-column elementor-col-50 elementor-inner-column elementor-element elementor-element-d5e696a\" data-id=\"d5e696a\" data-element_type=\"column\" data-e-type=\"column\">\n\t\t\t<div class=\"elementor-widget-wrap elementor-element-populated\">\n\t\t\t\t\t\t<div class=\"elementor-element elementor-element-a830d8d elementor-widget elementor-widget-ekit-nav-menu\" data-id=\"a830d8d\" data-element_type=\"widget\" data-e-type=\"widget\" data-widget_type=\"ekit-nav-menu.default\">\n\t\t\t\t<div class=\"elementor-widget-container\">\n\t\t\t\t\t\t\t<nav class=\"ekit-wid-con ekit_menu_responsive_tablet\"\n\t\t\tdata-hamburger-icon=\"\"\n\t\t\tdata-hamburger-icon-type=\"icon\"\n\t\t\tdata-responsive-breakpoint=\"1024\">\n\t\t\t            <button class=\"elementskit-menu-hamburger elementskit-menu-toggler\"  type=\"button\" aria-label=\"ikona-hamburgera\">\n                                    <span class=\"elementskit-menu-hamburger-icon\"><\/span><span class=\"elementskit-menu-hamburger-icon\"><\/span><span class=\"elementskit-menu-hamburger-icon\"><\/span>\n                            <\/button>\n            <div id=\"ekit-megamenu-main\" class=\"elementskit-menu-container elementskit-menu-offcanvas-elements elementskit-navbar-nav-default ekit-nav-menu-one-page-no ekit-nav-dropdown-hover\"><ul id=\"menu-main\" class=\"elementskit-navbar-nav elementskit-menu-po-right submenu-click-on-icon\"><li id=\"menu-item-25\" class=\"menu-item menu-item-type-post_type menu-item-object-page menu-item-home menu-item-25 nav-item elementskit-mobile-builder-content\" data-vertical-menu=\"750px\"><a href=\"https:\/\/3d-academy.eu\/bs\/\" class=\"ekit-menu-nav-link menu-link\">Po\u010detna<\/a><\/li>\n<li id=\"menu-item-355\" class=\"menu-item menu-item-type-post_type menu-item-object-page menu-item-355 nav-item elementskit-mobile-builder-content\" data-vertical-menu=\"750px\"><a href=\"https:\/\/3d-academy.eu\/bs\/about-us\/\" class=\"ekit-menu-nav-link menu-link\">O nama<\/a><\/li>\n<li id=\"menu-item-2426\" class=\"menu-item menu-item-type-post_type menu-item-object-page menu-item-has-children menu-item-2426 nav-item elementskit-dropdown-has relative_position elementskit-dropdown-menu-default_width elementskit-mobile-builder-content\" data-vertical-menu=\"750px\"><a aria-expanded=\"false\" href=\"https:\/\/3d-academy.eu\/bs\/courses-2\/\" class=\"ekit-menu-nav-link ekit-menu-dropdown-toggle menu-link\">Kursevi<i aria-hidden=\"true\" class=\"icon icon-down-arrow1 elementskit-submenu-indicator\"><\/i><\/a>\n<ul class=\"elementskit-dropdown elementskit-submenu-panel\">\n\t<li id=\"menu-item-1563\" class=\"menu-item menu-item-type-custom menu-item-object-custom menu-item-has-children menu-item-1563 nav-item elementskit-dropdown-has relative_position elementskit-dropdown-menu-default_width elementskit-mobile-builder-content\" data-vertical-menu=\"750px\"><a aria-expanded=\"false\" href=\"https:\/\/3d-academy.eu\/bs\/\" class=\"dropdown-item menu-link\">Osnovni nivo<i aria-hidden=\"true\" class=\"icon icon-down-arrow1 elementskit-submenu-indicator\"><\/i><\/a>\n\t<ul class=\"elementskit-dropdown elementskit-submenu-panel\">\n\t\t<li id=\"menu-item-1566\" class=\"menu-item menu-item-type-post_type menu-item-object-sfwd-courses menu-item-1566 nav-item elementskit-mobile-builder-content\" data-vertical-menu=\"750px\"><a href=\"https:\/\/3d-academy.eu\/bs\/courses\/module-1-introduction-to-3d-technologies\/\" class=\"dropdown-item menu-link\">Modul 1: Uvod u 3D tehnologije<\/a>\t\t<li id=\"menu-item-1597\" class=\"menu-item menu-item-type-post_type menu-item-object-sfwd-courses menu-item-1597 nav-item elementskit-mobile-builder-content\" data-vertical-menu=\"750px\"><a href=\"https:\/\/3d-academy.eu\/bs\/courses\/module-2-introduction-to-3d-printing\/\" class=\"dropdown-item menu-link\">Modul 2: Uvod u 3D printanje<\/a>\t\t<li id=\"menu-item-2063\" class=\"menu-item menu-item-type-post_type menu-item-object-sfwd-courses menu-item-2063 nav-item elementskit-mobile-builder-content\" data-vertical-menu=\"750px\"><a href=\"https:\/\/3d-academy.eu\/bs\/courses\/module-3-introduction-to-3d-scanning\/\" class=\"dropdown-item menu-link\">Modul 3 - Uvod u 3D skeniranje<\/a>\t\t<li id=\"menu-item-2207\" class=\"menu-item menu-item-type-post_type menu-item-object-sfwd-courses menu-item-2207 nav-item elementskit-mobile-builder-content\" data-vertical-menu=\"750px\"><a href=\"https:\/\/3d-academy.eu\/bs\/courses\/module-4-introduction-to-3d-modelling\/\" class=\"dropdown-item menu-link\">Modul 4 - Uvod u 3D modeliranje<\/a>\t\t<li id=\"menu-item-2206\" class=\"menu-item menu-item-type-post_type menu-item-object-sfwd-courses menu-item-2206 nav-item elementskit-mobile-builder-content\" data-vertical-menu=\"750px\"><a href=\"https:\/\/3d-academy.eu\/bs\/courses\/module-5-3d-technologies-in-education-process\/\" class=\"dropdown-item menu-link\">Modul 5: 3D tehnologije u obrazovnom procesu<\/a>\t<\/ul>\n\t<li id=\"menu-item-1564\" class=\"menu-item menu-item-type-custom menu-item-object-custom menu-item-has-children menu-item-1564 nav-item elementskit-dropdown-has relative_position elementskit-dropdown-menu-default_width elementskit-mobile-builder-content\" data-vertical-menu=\"750px\"><a aria-expanded=\"false\" href=\"https:\/\/3d-academy.eu\/bs\/\" class=\"dropdown-item menu-link\">Napredni nivo<i aria-hidden=\"true\" class=\"icon icon-down-arrow1 elementskit-submenu-indicator\"><\/i><\/a>\n\t<ul class=\"elementskit-dropdown elementskit-submenu-panel\">\n\t\t<li id=\"menu-item-2281\" class=\"menu-item menu-item-type-post_type menu-item-object-sfwd-courses menu-item-2281 nav-item elementskit-mobile-builder-content\" data-vertical-menu=\"750px\"><a href=\"https:\/\/3d-academy.eu\/bs\/courses\/module-1-advanced-3d-printing-techniques\/\" class=\"dropdown-item menu-link\">Modul 1: Napredne tehnike 3D printanja<\/a>\t\t<li id=\"menu-item-3165\" class=\"menu-item menu-item-type-post_type menu-item-object-sfwd-courses menu-item-3165 nav-item elementskit-mobile-builder-content\" data-vertical-menu=\"750px\"><a href=\"https:\/\/3d-academy.eu\/bs\/courses\/module-2-advanced-3d-scanning-techniques\/\" class=\"dropdown-item menu-link\">Modul 2: Napredne tehnologije 3D skeniranja<\/a>\t\t<li id=\"menu-item-3191\" class=\"menu-item menu-item-type-post_type menu-item-object-sfwd-courses menu-item-3191 nav-item elementskit-mobile-builder-content\" data-vertical-menu=\"750px\"><a href=\"https:\/\/3d-academy.eu\/bs\/courses\/module-3-advanced-3d-modeling-techniques\/\" class=\"dropdown-item menu-link\">Module 3 - Napredne tehnike 3D modeliranja<\/a>\t\t<li id=\"menu-item-3251\" class=\"menu-item menu-item-type-post_type menu-item-object-sfwd-courses menu-item-3251 nav-item elementskit-mobile-builder-content\" data-vertical-menu=\"750px\"><a href=\"https:\/\/3d-academy.eu\/bs\/courses\/module-4-future-trends-and-practical-solutions\/\" class=\"dropdown-item menu-link\">Modul 4: Budu\u0107i trendovi i prakti\u010dna rje\u0161enja<\/a>\t<\/ul>\n<\/ul>\n<\/li>\n<li id=\"menu-item-3846\" class=\"menu-item menu-item-type-post_type menu-item-object-page menu-item-3846 nav-item elementskit-mobile-builder-content\" data-vertical-menu=\"750px\"><a href=\"https:\/\/3d-academy.eu\/bs\/trainer-manuals\/\" class=\"ekit-menu-nav-link menu-link\">Priru\u010dnici za trenere<\/a><\/li>\n<li id=\"menu-item-454\" class=\"menu-item menu-item-type-post_type menu-item-object-page menu-item-454 nav-item elementskit-mobile-builder-content\" data-vertical-menu=\"750px\"><a href=\"https:\/\/3d-academy.eu\/bs\/news\/\" class=\"ekit-menu-nav-link menu-link\">Novosti<\/a><\/li>\n<li id=\"menu-item-542\" class=\"menu-item menu-item-type-post_type menu-item-object-page menu-item-542 nav-item elementskit-mobile-builder-content\" data-vertical-menu=\"750px\"><a href=\"https:\/\/3d-academy.eu\/bs\/resource-board\/\" class=\"ekit-menu-nav-link menu-link\">Biblioteka resursa<\/a><\/li>\n<li id=\"menu-item-491\" class=\"menu-item menu-item-type-post_type menu-item-object-page menu-item-491 nav-item elementskit-mobile-builder-content\" data-vertical-menu=\"750px\"><a href=\"https:\/\/3d-academy.eu\/bs\/register\/\" class=\"ekit-menu-nav-link menu-link\">Registracija<\/a><\/li>\n<li id=\"menu-item-492\" class=\"menu-item menu-item-type-post_type menu-item-object-page menu-item-492 nav-item elementskit-mobile-builder-content\" data-vertical-menu=\"750px\"><a href=\"https:\/\/3d-academy.eu\/bs\/login\/\" class=\"ekit-menu-nav-link menu-link\">Prijava<\/a><\/li>\n<li id=\"menu-item-494\" class=\"menu-item menu-item-type-post_type menu-item-object-page menu-item-494 nav-item elementskit-mobile-builder-content\" data-vertical-menu=\"750px\"><a href=\"https:\/\/3d-academy.eu\/bs\/contact-us\/\" class=\"ekit-menu-nav-link menu-link\">Kontaktirajte nas<\/a><\/li>\n<\/ul><div class=\"elementskit-nav-identity-panel\"><button class=\"elementskit-menu-close elementskit-menu-toggler\" type=\"button\">X<\/button><\/div><\/div>\n\t\t\t<div class=\"elementskit-menu-overlay elementskit-menu-offcanvas-elements elementskit-menu-toggler ekit-nav-menu--overlay\"><\/div>        <\/nav>\n\t\t\t\t\t\t<\/div>\n\t\t\t\t<\/div>\n\t\t\t\t\t<\/div>\n\t\t<\/div>\n\t\t\t\t\t<\/div>\n\t\t<\/section>\n\t\t\t\t\t<\/div>\n\t\t<\/div>\n\t\t\t\t\t<\/div>\n\t\t<\/section>\n\t\t\t\t<section class=\"elementor-section elementor-top-section elementor-element elementor-element-4bb9eb7c elementor-section-boxed elementor-section-height-default elementor-section-height-default\" data-id=\"4bb9eb7c\" data-element_type=\"section\" data-e-type=\"section\">\n\t\t\t\t\t\t<div class=\"elementor-container elementor-column-gap-default\">\n\t\t\t\t\t<div class=\"elementor-column elementor-col-100 elementor-top-column elementor-element elementor-element-44f60412\" data-id=\"44f60412\" data-element_type=\"column\" data-e-type=\"column\">\n\t\t\t<div class=\"elementor-widget-wrap elementor-element-populated\">\n\t\t\t\t\t\t<div class=\"elementor-element elementor-element-8ca6e58 elementor-widget elementor-widget-spacer\" data-id=\"8ca6e58\" data-element_type=\"widget\" data-e-type=\"widget\" data-widget_type=\"spacer.default\">\n\t\t\t\t<div class=\"elementor-widget-container\">\n\t\t\t\t\t\t\t<div class=\"elementor-spacer\">\n\t\t\t<div class=\"elementor-spacer-inner\"><\/div>\n\t\t<\/div>\n\t\t\t\t\t\t<\/div>\n\t\t\t\t<\/div>\n\t\t\t\t<div class=\"elementor-element elementor-element-4882fa48 elementor-widget elementor-widget-shortcode\" data-id=\"4882fa48\" data-element_type=\"widget\" data-e-type=\"widget\" data-widget_type=\"shortcode.default\">\n\t\t\t\t<div class=\"elementor-widget-container\">\n\t\t\t\t\t\t\t<div class=\"elementor-shortcode\"><div class=\"um um-password um-um_password_id\">\n\t<div class=\"um-form\">\n\t\t<form method=\"post\" action=\"\" data-trp-original-action=\"\">\n\t\t\t\n\t\t\t\t<input type=\"hidden\" name=\"_um_password_reset\" id=\"_um_password_reset\" value=\"1\" \/>\n\n\t\t\t\t\t\t\t\t\t<div class=\"um-field um-field-block um-field-type_block\">\n\t\t\t\t\t\t<div class=\"um-field-block\">\n\t\t\t\t\t\t\t<div style=\"text-align:center;\">\n\t\t\t\t\t\t\t\tTo reset your password, please enter your email address or username below.\t\t\t\t\t\t\t<\/div>\n\t\t\t\t\t\t<\/div>\n\t\t\t\t\t<\/div>\n\t\t\t\t\t<div  id=\"um_field_0_username_b\" class=\"um-field um-field-text  um-field-username_b um-field-text um-field-type_text\" data-key=\"username_b\"><div class=\"um-field-area\"><input  autocomplete=\"off\" class=\"um-form-field valid\" type=\"text\" name=\"username_b\" id=\"username_b\" value=\"\" placeholder=\"Enter your username or email\" data-validate=\"\" data-key=\"username_b\"  aria-invalid=\"false\" \/>\n\n\t\t\t\t\t\t<\/div><\/div>\t\t\t\t<div class=\"um-col-alt um-col-alt-b\">\n\t\t\t\t\t<div class=\"um-center\">\n\t\t\t\t\t\t<input type=\"submit\" value=\"Reset password\" class=\"um-button\" id=\"um-submit-btn\" \/>\n\t\t\t\t\t<\/div>\n\t\t\t\t\t<div class=\"um-clear\"><\/div>\n\t\t\t\t<\/div>\n\t\t\t\t\t<input type=\"hidden\" name=\"form_id\" id=\"form_id_um_password_id\" value=\"um_password_id\" \/>\n\t\t<p class=\"um_request_name\">\n\t\t<label for=\"um_request_um_password_id\">Only fill in if you are not human<\/label>\n\t\t<input type=\"hidden\" name=\"um_request\" id=\"um_request_um_password_id\" class=\"input\" value=\"\" size=\"25\" autocomplete=\"off\" \/>\n\t<\/p>\n\t\t\t<input type=\"hidden\" name=\"trp-form-language\" value=\"bs\"\/><\/form>\n\t<\/div>\n<\/div>\n<style>\n\t\t\t.um-um_password_id.um {\n\t\t\tmax-width: 450px;\n\t\t}\n\t\t<\/style>\n<\/div>\n\t\t\t\t\t\t<\/div>\n\t\t\t\t<\/div>\n\t\t\t\t\t<\/div>\n\t\t<\/div>\n\t\t\t\t\t<\/div>\n\t\t<\/section>\n\t\t\t\t<section class=\"elementor-section elementor-top-section elementor-element elementor-element-0f2c75c elementor-section-boxed elementor-section-height-default elementor-section-height-default\" data-id=\"0f2c75c\" data-element_type=\"section\" data-e-type=\"section\">\n\t\t\t\t\t\t<div class=\"elementor-container elementor-column-gap-default\">\n\t\t\t\t\t<div class=\"elementor-column elementor-col-100 elementor-top-column elementor-element elementor-element-ab17e9d\" data-id=\"ab17e9d\" data-element_type=\"column\" data-e-type=\"column\">\n\t\t\t<div class=\"elementor-widget-wrap elementor-element-populated\">\n\t\t\t\t\t\t<div class=\"elementor-element elementor-element-d3da2a0 elementor-widget elementor-widget-spacer\" data-id=\"d3da2a0\" data-element_type=\"widget\" data-e-type=\"widget\" data-widget_type=\"spacer.default\">\n\t\t\t\t<div class=\"elementor-widget-container\">\n\t\t\t\t\t\t\t<div class=\"elementor-spacer\">\n\t\t\t<div class=\"elementor-spacer-inner\"><\/div>\n\t\t<\/div>\n\t\t\t\t\t\t<\/div>\n\t\t\t\t<\/div>\n\t\t\t\t<section class=\"elementor-section elementor-inner-section elementor-element elementor-element-87fbf04 elementor-section-boxed elementor-section-height-default elementor-section-height-default\" data-id=\"87fbf04\" data-element_type=\"section\" data-e-type=\"section\">\n\t\t\t\t\t\t<div class=\"elementor-container elementor-column-gap-default\">\n\t\t\t\t\t<div class=\"elementor-column elementor-col-50 elementor-inner-column elementor-element elementor-element-8cb8234\" data-id=\"8cb8234\" data-element_type=\"column\" data-e-type=\"column\">\n\t\t\t<div class=\"elementor-widget-wrap elementor-element-populated\">\n\t\t\t\t\t\t<div class=\"elementor-element elementor-element-b7ee617 elementor-widget elementor-widget-image\" data-id=\"b7ee617\" data-element_type=\"widget\" data-e-type=\"widget\" data-widget_type=\"image.default\">\n\t\t\t\t<div class=\"elementor-widget-container\">\n\t\t\t\t\t\t\t\t\t\t\t\t\t\t\t<img decoding=\"async\" width=\"1024\" height=\"215\" src=\"http:\/\/3d-academy.eu\/wp-content\/uploads\/2024\/05\/BH_Co-fundedbytheEU_RGB_POS.png\" class=\"attachment-large size-large wp-image-179\" alt=\"\" srcset=\"https:\/\/3d-academy.eu\/wp-content\/uploads\/2024\/05\/BH_Co-fundedbytheEU_RGB_POS.png 3516w, https:\/\/3d-academy.eu\/wp-content\/uploads\/2024\/05\/BH_Co-fundedbytheEU_RGB_POS-300x78.png 300w, https:\/\/3d-academy.eu\/wp-content\/uploads\/2024\/05\/BH_Co-fundedbytheEU_RGB_POS-1024x268.png 1024w, https:\/\/3d-academy.eu\/wp-content\/uploads\/2024\/05\/BH_Co-fundedbytheEU_RGB_POS-768x201.png 768w, https:\/\/3d-academy.eu\/wp-content\/uploads\/2024\/05\/BH_Co-fundedbytheEU_RGB_POS-1536x401.png 1536w, https:\/\/3d-academy.eu\/wp-content\/uploads\/2024\/05\/BH_Co-fundedbytheEU_RGB_POS-2048x535.png 2048w, https:\/\/3d-academy.eu\/wp-content\/uploads\/2024\/05\/BH_Co-fundedbytheEU_RGB_POS-18x5.png 18w\" sizes=\"(max-width: 1024px) 100vw, 1024px\" \/>\t\t\t\t\t\t\t\t\t\t\t\t\t\t\t<\/div>\n\t\t\t\t<\/div>\n\t\t\t\t\t<\/div>\n\t\t<\/div>\n\t\t\t\t<div class=\"elementor-column elementor-col-50 elementor-inner-column elementor-element elementor-element-ae2b272\" data-id=\"ae2b272\" data-element_type=\"column\" data-e-type=\"column\">\n\t\t\t<div class=\"elementor-widget-wrap elementor-element-populated\">\n\t\t\t\t\t\t<div class=\"elementor-element elementor-element-c35b47b elementor-widget elementor-widget-text-editor\" data-id=\"c35b47b\" data-element_type=\"widget\" data-e-type=\"widget\" data-widget_type=\"text-editor.default\">\n\t\t\t\t<div class=\"elementor-widget-container\">\n\t\t\t\t\t\t\t\t\t<p>Finansirano od strane Evropske unije. Mi\u0161ljenja izra\u017eena u ovom materijalu isklju\u010divo su mi\u0161ljenja autora i ne odra\u017eavaju nu\u017eno mi\u0161ljenja Evropske unije ili Europske izvr\u0161na agencije za obrazovanje i kulturu (EACEA). Ni Evropska unija ni EACEA ne mogu biti odgovorni za njih.<\/p>\t\t\t\t\t\t\t\t<\/div>\n\t\t\t\t<\/div>\n\t\t\t\t\t<\/div>\n\t\t<\/div>\n\t\t\t\t\t<\/div>\n\t\t<\/section>\n\t\t\t\t\t<\/div>\n\t\t<\/div>\n\t\t\t\t\t<\/div>\n\t\t<\/section>\n\t\t\t\t<\/div>","protected":false},"excerpt":{"rendered":"<p>Home About Us News Discussion Board Register Login Logout Account Contact Us X Funded by the European Union. Views and [&hellip;]<\/p>\n","protected":false},"author":1,"featured_media":0,"parent":0,"menu_order":0,"comment_status":"closed","ping_status":"closed","template":"","meta":{"_eb_attr":"","om_disable_all_campaigns":false,"_monsterinsights_skip_tracking":false,"_monsterinsights_sitenote_active":false,"_monsterinsights_sitenote_note":"","_monsterinsights_sitenote_category":0,"site-sidebar-layout":"default","site-content-layout":"","ast-site-content-layout":"default","site-content-style":"default","site-sidebar-style":"default","ast-global-header-display":"","ast-banner-title-visibility":"","ast-main-header-display":"","ast-hfb-above-header-display":"","ast-hfb-below-header-display":"","ast-hfb-mobile-header-display":"","site-post-title":"","ast-breadcrumbs-content":"","ast-featured-img":"","footer-sml-layout":"","theme-transparent-header-meta":"","adv-header-id-meta":"","stick-header-meta":"","header-above-stick-meta":"","header-main-stick-meta":"","header-below-stick-meta":"","astra-migrate-meta-layouts":"default","ast-page-background-enabled":"default","ast-page-background-meta":{"desktop":{"background-color":"var(--ast-global-color-4)","background-image":"","background-repeat":"repeat","background-position":"center center","background-size":"auto","background-attachment":"scroll","background-type":"","background-media":"","overlay-type":"","overlay-color":"","overlay-opacity":"","overlay-gradient":""},"tablet":{"background-color":"","background-image":"","background-repeat":"repeat","background-position":"center center","background-size":"auto","background-attachment":"scroll","background-type":"","background-media":"","overlay-type":"","overlay-color":"","overlay-opacity":"","overlay-gradient":""},"mobile":{"background-color":"","background-image":"","background-repeat":"repeat","background-position":"center center","background-size":"auto","background-attachment":"scroll","background-type":"","background-media":"","overlay-type":"","overlay-color":"","overlay-opacity":"","overlay-gradient":""}},"ast-content-background-meta":{"desktop":{"background-color":"var(--ast-global-color-5)","background-image":"","background-repeat":"repeat","background-position":"center center","background-size":"auto","background-attachment":"scroll","background-type":"","background-media":"","overlay-type":"","overlay-color":"","overlay-opacity":"","overlay-gradient":""},"tablet":{"background-color":"var(--ast-global-color-5)","background-image":"","background-repeat":"repeat","background-position":"center center","background-size":"auto","background-attachment":"scroll","background-type":"","background-media":"","overlay-type":"","overlay-color":"","overlay-opacity":"","overlay-gradient":""},"mobile":{"background-color":"var(--ast-global-color-5)","background-image":"","background-repeat":"repeat","background-position":"center center","background-size":"auto","background-attachment":"scroll","background-type":"","background-media":"","overlay-type":"","overlay-color":"","overlay-opacity":"","overlay-gradient":""}},"footnotes":""},"class_list":["post-489","page","type-page","status-publish","hentry"],"_links":{"self":[{"href":"https:\/\/3d-academy.eu\/bs\/wp-json\/wp\/v2\/pages\/489","targetHints":{"allow":["GET"]}}],"collection":[{"href":"https:\/\/3d-academy.eu\/bs\/wp-json\/wp\/v2\/pages"}],"about":[{"href":"https:\/\/3d-academy.eu\/bs\/wp-json\/wp\/v2\/types\/page"}],"author":[{"embeddable":true,"href":"https:\/\/3d-academy.eu\/bs\/wp-json\/wp\/v2\/users\/1"}],"replies":[{"embeddable":true,"href":"https:\/\/3d-academy.eu\/bs\/wp-json\/wp\/v2\/comments?post=489"}],"version-history":[{"count":7,"href":"https:\/\/3d-academy.eu\/bs\/wp-json\/wp\/v2\/pages\/489\/revisions"}],"predecessor-version":[{"id":1574,"href":"https:\/\/3d-academy.eu\/bs\/wp-json\/wp\/v2\/pages\/489\/revisions\/1574"}],"wp:attachment":[{"href":"https:\/\/3d-academy.eu\/bs\/wp-json\/wp\/v2\/media?parent=489"}],"curies":[{"name":"wp","href":"https:\/\/api.w.org\/{rel}","templated":true}]}}