{"id":1424,"date":"2024-11-13T10:46:22","date_gmt":"2024-11-13T10:46:22","guid":{"rendered":"https:\/\/3d-academy.eu\/?page_id=1424"},"modified":"2025-01-30T15:11:32","modified_gmt":"2025-01-30T15:11:32","slug":"my-achievements","status":"publish","type":"page","link":"https:\/\/3d-academy.eu\/hr\/my-achievements\/","title":{"rendered":"Moja dostignu\u0107a"},"content":{"rendered":"<div data-elementor-type=\"wp-page\" data-elementor-id=\"1424\" class=\"elementor elementor-1424\">\n\t\t\t\t\t\t<section class=\"elementor-section elementor-top-section elementor-element elementor-element-44625cc elementor-hidden-mobile elementor-section-boxed elementor-section-height-default elementor-section-height-default\" data-id=\"44625cc\" data-element_type=\"section\" data-e-type=\"section\" data-settings=\"{&quot;background_background&quot;:&quot;classic&quot;}\">\n\t\t\t\t\t\t<div class=\"elementor-container elementor-column-gap-default\">\n\t\t\t\t\t<div class=\"elementor-column elementor-col-100 elementor-top-column elementor-element elementor-element-ed8f7b6\" data-id=\"ed8f7b6\" data-element_type=\"column\" data-e-type=\"column\">\n\t\t\t<div class=\"elementor-widget-wrap elementor-element-populated\">\n\t\t\t\t\t\t<section class=\"elementor-section elementor-inner-section elementor-element elementor-element-a1f6161 elementor-section-boxed elementor-section-height-default elementor-section-height-default\" data-id=\"a1f6161\" data-element_type=\"section\" data-e-type=\"section\">\n\t\t\t\t\t\t<div class=\"elementor-container elementor-column-gap-default\">\n\t\t\t\t\t<div class=\"elementor-column elementor-col-50 elementor-inner-column elementor-element elementor-element-239f80d\" data-id=\"239f80d\" data-element_type=\"column\" data-e-type=\"column\">\n\t\t\t<div class=\"elementor-widget-wrap elementor-element-populated\">\n\t\t\t\t\t\t<div class=\"elementor-element elementor-element-6baa35d elementor-widget elementor-widget-image\" data-id=\"6baa35d\" data-element_type=\"widget\" data-e-type=\"widget\" data-widget_type=\"image.default\">\n\t\t\t\t<div class=\"elementor-widget-container\">\n\t\t\t\t\t\t\t\t\t\t\t\t\t\t\t\t<a href=\"https:\/\/3d-academy.eu\/hr\/\">\n\t\t\t\t\t\t\t<img fetchpriority=\"high\" decoding=\"async\" width=\"1024\" height=\"1024\" src=\"https:\/\/3d-academy.eu\/wp-content\/uploads\/2024\/01\/3D-ACADEMY_LOGO-1024x1024.png\" class=\"attachment-large size-large wp-image-154\" alt=\"\" srcset=\"https:\/\/3d-academy.eu\/wp-content\/uploads\/2024\/01\/3D-ACADEMY_LOGO-1024x1024.png 1024w, https:\/\/3d-academy.eu\/wp-content\/uploads\/2024\/01\/3D-ACADEMY_LOGO-300x300.png 300w, https:\/\/3d-academy.eu\/wp-content\/uploads\/2024\/01\/3D-ACADEMY_LOGO-150x150.png 150w, https:\/\/3d-academy.eu\/wp-content\/uploads\/2024\/01\/3D-ACADEMY_LOGO-768x768.png 768w, https:\/\/3d-academy.eu\/wp-content\/uploads\/2024\/01\/3D-ACADEMY_LOGO-1536x1536.png 1536w, https:\/\/3d-academy.eu\/wp-content\/uploads\/2024\/01\/3D-ACADEMY_LOGO-2048x2048.png 2048w\" sizes=\"(max-width: 1024px) 100vw, 1024px\" \/>\t\t\t\t\t\t\t\t<\/a>\n\t\t\t\t\t\t\t\t\t\t\t\t\t\t\t<\/div>\n\t\t\t\t<\/div>\n\t\t\t\t\t<\/div>\n\t\t<\/div>\n\t\t\t\t<div class=\"elementor-column elementor-col-50 elementor-inner-column elementor-element elementor-element-d1effd3\" data-id=\"d1effd3\" data-element_type=\"column\" data-e-type=\"column\">\n\t\t\t<div class=\"elementor-widget-wrap elementor-element-populated\">\n\t\t\t\t\t\t<div class=\"elementor-element elementor-element-4daad9e elementor-widget elementor-widget-ekit-nav-menu\" data-id=\"4daad9e\" data-element_type=\"widget\" data-e-type=\"widget\" data-widget_type=\"ekit-nav-menu.default\">\n\t\t\t\t<div class=\"elementor-widget-container\">\n\t\t\t\t\t\t\t<nav class=\"ekit-wid-con ekit_menu_responsive_tablet\"\n\t\t\tdata-hamburger-icon=\"\"\n\t\t\tdata-hamburger-icon-type=\"icon\"\n\t\t\tdata-responsive-breakpoint=\"1024\">\n\t\t\t            <button class=\"elementskit-menu-hamburger elementskit-menu-toggler\"  type=\"button\" aria-label=\"ikona-hamburgera\">\n                                    <span class=\"elementskit-menu-hamburger-icon\"><\/span><span class=\"elementskit-menu-hamburger-icon\"><\/span><span class=\"elementskit-menu-hamburger-icon\"><\/span>\n                            <\/button>\n            <div id=\"ekit-megamenu-main\" class=\"elementskit-menu-container elementskit-menu-offcanvas-elements elementskit-navbar-nav-default ekit-nav-menu-one-page-no ekit-nav-dropdown-hover\"><ul id=\"menu-main\" class=\"elementskit-navbar-nav elementskit-menu-po-right submenu-click-on-icon\"><li id=\"menu-item-25\" class=\"menu-item menu-item-type-post_type menu-item-object-page menu-item-home menu-item-25 nav-item elementskit-mobile-builder-content\" data-vertical-menu=\"750px\"><a href=\"https:\/\/3d-academy.eu\/hr\/\" class=\"ekit-menu-nav-link menu-link\">Po\u010detna<\/a><\/li>\n<li id=\"menu-item-355\" class=\"menu-item menu-item-type-post_type menu-item-object-page menu-item-355 nav-item elementskit-mobile-builder-content\" data-vertical-menu=\"750px\"><a href=\"https:\/\/3d-academy.eu\/hr\/about-us\/\" class=\"ekit-menu-nav-link menu-link\">O nama<\/a><\/li>\n<li id=\"menu-item-2426\" class=\"menu-item menu-item-type-post_type menu-item-object-page menu-item-has-children menu-item-2426 nav-item elementskit-dropdown-has relative_position elementskit-dropdown-menu-default_width elementskit-mobile-builder-content\" data-vertical-menu=\"750px\"><a aria-expanded=\"false\" href=\"https:\/\/3d-academy.eu\/hr\/courses-2\/\" class=\"ekit-menu-nav-link ekit-menu-dropdown-toggle menu-link\">Te\u010dajevi<i aria-hidden=\"true\" class=\"icon icon-down-arrow1 elementskit-submenu-indicator\"><\/i><\/a>\n<ul class=\"elementskit-dropdown elementskit-submenu-panel\">\n\t<li id=\"menu-item-1563\" class=\"menu-item menu-item-type-custom menu-item-object-custom menu-item-has-children menu-item-1563 nav-item elementskit-dropdown-has relative_position elementskit-dropdown-menu-default_width elementskit-mobile-builder-content\" data-vertical-menu=\"750px\"><a aria-expanded=\"false\" href=\"https:\/\/3d-academy.eu\/hr\/\" class=\"dropdown-item menu-link\">Osnovna razina<i aria-hidden=\"true\" class=\"icon icon-down-arrow1 elementskit-submenu-indicator\"><\/i><\/a>\n\t<ul class=\"elementskit-dropdown elementskit-submenu-panel\">\n\t\t<li id=\"menu-item-1566\" class=\"menu-item menu-item-type-post_type menu-item-object-sfwd-courses menu-item-1566 nav-item elementskit-mobile-builder-content\" data-vertical-menu=\"750px\"><a href=\"https:\/\/3d-academy.eu\/hr\/courses\/module-1-introduction-to-3d-technologies\/\" class=\"dropdown-item menu-link\">Modul 1: Uvod u 3D tehnologije<\/a>\t\t<li id=\"menu-item-1597\" class=\"menu-item menu-item-type-post_type menu-item-object-sfwd-courses menu-item-1597 nav-item elementskit-mobile-builder-content\" data-vertical-menu=\"750px\"><a href=\"https:\/\/3d-academy.eu\/hr\/courses\/module-2-introduction-to-3d-printing\/\" class=\"dropdown-item menu-link\">Modul 2: Uvod u 3D printanje<\/a>\t\t<li id=\"menu-item-2063\" class=\"menu-item menu-item-type-post_type menu-item-object-sfwd-courses menu-item-2063 nav-item elementskit-mobile-builder-content\" data-vertical-menu=\"750px\"><a href=\"https:\/\/3d-academy.eu\/hr\/courses\/module-3-introduction-to-3d-scanning\/\" class=\"dropdown-item menu-link\">Modul 3 - Uvod u 3D skeniranje<\/a>\t\t<li id=\"menu-item-2207\" class=\"menu-item menu-item-type-post_type menu-item-object-sfwd-courses menu-item-2207 nav-item elementskit-mobile-builder-content\" data-vertical-menu=\"750px\"><a href=\"https:\/\/3d-academy.eu\/hr\/courses\/module-4-introduction-to-3d-modelling\/\" class=\"dropdown-item menu-link\">Modul 4 - Uvod u 3D modeliranje<\/a>\t\t<li id=\"menu-item-2206\" class=\"menu-item menu-item-type-post_type menu-item-object-sfwd-courses menu-item-2206 nav-item elementskit-mobile-builder-content\" data-vertical-menu=\"750px\"><a href=\"https:\/\/3d-academy.eu\/hr\/courses\/module-5-3d-technologies-in-education-process\/\" class=\"dropdown-item menu-link\">Modul 5: 3D tehnologije u obrazovnom procesu<\/a>\t<\/ul>\n\t<li id=\"menu-item-1564\" class=\"menu-item menu-item-type-custom menu-item-object-custom menu-item-has-children menu-item-1564 nav-item elementskit-dropdown-has relative_position elementskit-dropdown-menu-default_width elementskit-mobile-builder-content\" data-vertical-menu=\"750px\"><a aria-expanded=\"false\" href=\"https:\/\/3d-academy.eu\/hr\/\" class=\"dropdown-item menu-link\">Napredna razina<i aria-hidden=\"true\" class=\"icon icon-down-arrow1 elementskit-submenu-indicator\"><\/i><\/a>\n\t<ul class=\"elementskit-dropdown elementskit-submenu-panel\">\n\t\t<li id=\"menu-item-2281\" class=\"menu-item menu-item-type-post_type menu-item-object-sfwd-courses menu-item-2281 nav-item elementskit-mobile-builder-content\" data-vertical-menu=\"750px\"><a href=\"https:\/\/3d-academy.eu\/hr\/courses\/module-1-advanced-3d-printing-techniques\/\" class=\"dropdown-item menu-link\">Modul 1: Napredne tehnike 3D ispisa<\/a>\t\t<li id=\"menu-item-3165\" class=\"menu-item menu-item-type-post_type menu-item-object-sfwd-courses menu-item-3165 nav-item elementskit-mobile-builder-content\" data-vertical-menu=\"750px\"><a href=\"https:\/\/3d-academy.eu\/hr\/courses\/module-2-advanced-3d-scanning-techniques\/\" class=\"dropdown-item menu-link\">Modul 2: Napredne tehnike 3D skeniranja<\/a>\t\t<li id=\"menu-item-3191\" class=\"menu-item menu-item-type-post_type menu-item-object-sfwd-courses menu-item-3191 nav-item elementskit-mobile-builder-content\" data-vertical-menu=\"750px\"><a href=\"https:\/\/3d-academy.eu\/hr\/courses\/module-3-advanced-3d-modeling-techniques\/\" class=\"dropdown-item menu-link\">Modul 3 \u2013 Napredne tehnike 3D modeliranja<\/a>\t\t<li id=\"menu-item-3251\" class=\"menu-item menu-item-type-post_type menu-item-object-sfwd-courses menu-item-3251 nav-item elementskit-mobile-builder-content\" data-vertical-menu=\"750px\"><a href=\"https:\/\/3d-academy.eu\/hr\/courses\/module-4-future-trends-and-practical-solutions\/\" class=\"dropdown-item menu-link\">Modul 4: Budu\u0107i trendovi i prakti\u010dna rje\u0161enja<\/a>\t<\/ul>\n<\/ul>\n<\/li>\n<li id=\"menu-item-3846\" class=\"menu-item menu-item-type-post_type menu-item-object-page menu-item-3846 nav-item elementskit-mobile-builder-content\" data-vertical-menu=\"750px\"><a href=\"https:\/\/3d-academy.eu\/hr\/trainer-manuals\/\" class=\"ekit-menu-nav-link menu-link\">Priru\u010dnici za trenere<\/a><\/li>\n<li id=\"menu-item-454\" class=\"menu-item menu-item-type-post_type menu-item-object-page menu-item-454 nav-item elementskit-mobile-builder-content\" data-vertical-menu=\"750px\"><a href=\"https:\/\/3d-academy.eu\/hr\/news\/\" class=\"ekit-menu-nav-link menu-link\">Novosti<\/a><\/li>\n<li id=\"menu-item-542\" class=\"menu-item menu-item-type-post_type menu-item-object-page menu-item-542 nav-item elementskit-mobile-builder-content\" data-vertical-menu=\"750px\"><a href=\"https:\/\/3d-academy.eu\/hr\/resource-board\/\" class=\"ekit-menu-nav-link menu-link\">Biblioteka znanja<\/a><\/li>\n<li id=\"menu-item-491\" class=\"menu-item menu-item-type-post_type menu-item-object-page menu-item-491 nav-item elementskit-mobile-builder-content\" data-vertical-menu=\"750px\"><a href=\"https:\/\/3d-academy.eu\/hr\/register\/\" class=\"ekit-menu-nav-link menu-link\">Registrirajte se<\/a><\/li>\n<li id=\"menu-item-492\" class=\"menu-item menu-item-type-post_type menu-item-object-page menu-item-492 nav-item elementskit-mobile-builder-content\" data-vertical-menu=\"750px\"><a href=\"https:\/\/3d-academy.eu\/hr\/login\/\" class=\"ekit-menu-nav-link menu-link\">Prijava<\/a><\/li>\n<li id=\"menu-item-494\" class=\"menu-item menu-item-type-post_type menu-item-object-page menu-item-494 nav-item elementskit-mobile-builder-content\" data-vertical-menu=\"750px\"><a href=\"https:\/\/3d-academy.eu\/hr\/contact-us\/\" class=\"ekit-menu-nav-link menu-link\">Kontaktirajte nas<\/a><\/li>\n<\/ul><div class=\"elementskit-nav-identity-panel\"><button class=\"elementskit-menu-close elementskit-menu-toggler\" type=\"button\">X<\/button><\/div><\/div>\n\t\t\t<div class=\"elementskit-menu-overlay elementskit-menu-offcanvas-elements elementskit-menu-toggler ekit-nav-menu--overlay\"><\/div>        <\/nav>\n\t\t\t\t\t\t<\/div>\n\t\t\t\t<\/div>\n\t\t\t\t\t<\/div>\n\t\t<\/div>\n\t\t\t\t\t<\/div>\n\t\t<\/section>\n\t\t\t\t\t<\/div>\n\t\t<\/div>\n\t\t\t\t\t<\/div>\n\t\t<\/section>\n\t\t\t\t<section class=\"elementor-section elementor-top-section elementor-element elementor-element-514bd93 elementor-hidden-desktop elementor-hidden-tablet elementor-section-boxed elementor-section-height-default elementor-section-height-default\" data-id=\"514bd93\" data-element_type=\"section\" data-e-type=\"section\">\n\t\t\t\t\t\t<div class=\"elementor-container elementor-column-gap-default\">\n\t\t\t\t\t<div class=\"elementor-column elementor-col-100 elementor-top-column elementor-element elementor-element-cbbc8a7\" data-id=\"cbbc8a7\" data-element_type=\"column\" data-e-type=\"column\">\n\t\t\t<div class=\"elementor-widget-wrap elementor-element-populated\">\n\t\t\t\t\t\t<div class=\"elementor-element elementor-element-9d93966 elementor-widget elementor-widget-ekit-nav-menu\" data-id=\"9d93966\" data-element_type=\"widget\" data-e-type=\"widget\" data-widget_type=\"ekit-nav-menu.default\">\n\t\t\t\t<div class=\"elementor-widget-container\">\n\t\t\t\t\t\t\t<nav class=\"ekit-wid-con ekit_menu_responsive_tablet\"\n\t\t\tdata-hamburger-icon=\"\"\n\t\t\tdata-hamburger-icon-type=\"icon\"\n\t\t\tdata-responsive-breakpoint=\"1024\">\n\t\t\t        <\/nav>\n\t\t\t\t\t\t<\/div>\n\t\t\t\t<\/div>\n\t\t\t\t<div class=\"elementor-element elementor-element-4657770 elementor-widget elementor-widget-image\" data-id=\"4657770\" data-element_type=\"widget\" data-e-type=\"widget\" data-widget_type=\"image.default\">\n\t\t\t\t<div class=\"elementor-widget-container\">\n\t\t\t\t\t\t\t\t\t\t\t\t\t\t\t<img decoding=\"async\" width=\"150\" height=\"150\" src=\"https:\/\/3d-academy.eu\/wp-content\/uploads\/2024\/01\/3D-ACADEMY_LOGOTYPE_Vertical-150x150.png\" class=\"attachment-thumbnail size-thumbnail wp-image-155\" alt=\"\" \/>\t\t\t\t\t\t\t\t\t\t\t\t\t\t\t<\/div>\n\t\t\t\t<\/div>\n\t\t\t\t\t<\/div>\n\t\t<\/div>\n\t\t\t\t\t<\/div>\n\t\t<\/section>\n\t\t\t\t<section class=\"elementor-section elementor-top-section elementor-element elementor-element-c8e404f elementor-section-boxed elementor-section-height-default elementor-section-height-default\" data-id=\"c8e404f\" data-element_type=\"section\" data-e-type=\"section\">\n\t\t\t\t\t\t<div class=\"elementor-container elementor-column-gap-default\">\n\t\t\t\t\t<div class=\"elementor-column elementor-col-100 elementor-top-column elementor-element elementor-element-844cc08\" data-id=\"844cc08\" data-element_type=\"column\" data-e-type=\"column\">\n\t\t\t<div class=\"elementor-widget-wrap elementor-element-populated\">\n\t\t\t\t\t\t<div class=\"elementor-element elementor-element-ada8010 elementor-widget elementor-widget-shortcode\" data-id=\"ada8010\" data-element_type=\"widget\" data-e-type=\"widget\" data-widget_type=\"shortcode.default\">\n\t\t\t\t<div class=\"elementor-widget-container\">\n\t\t\t\t\t\t\t<div class=\"elementor-shortcode\"><\/div>\n\t\t\t\t\t\t<\/div>\n\t\t\t\t<\/div>\n\t\t\t\t<div class=\"elementor-element elementor-element-7764674 elementor-widget elementor-widget-heading\" data-id=\"7764674\" data-element_type=\"widget\" data-e-type=\"widget\" data-widget_type=\"heading.default\">\n\t\t\t\t<div class=\"elementor-widget-container\">\n\t\t\t\t\t<h2 class=\"elementor-heading-title elementor-size-default\">Moja dostignu\u0107a<\/h2>\t\t\t\t<\/div>\n\t\t\t\t<\/div>\n\t\t\t\t<section class=\"elementor-section elementor-inner-section elementor-element elementor-element-10ccaae elementor-section-boxed elementor-section-height-default elementor-section-height-default\" data-id=\"10ccaae\" data-element_type=\"section\" data-e-type=\"section\">\n\t\t\t\t\t\t<div class=\"elementor-container elementor-column-gap-default\">\n\t\t\t\t\t<div class=\"elementor-column elementor-col-100 elementor-inner-column elementor-element elementor-element-2915ee8\" data-id=\"2915ee8\" data-element_type=\"column\" data-e-type=\"column\">\n\t\t\t<div class=\"elementor-widget-wrap elementor-element-populated\">\n\t\t\t\t\t\t<div class=\"elementor-element elementor-element-ac7379b elementor-widget elementor-widget-shortcode\" data-id=\"ac7379b\" data-element_type=\"widget\" data-e-type=\"widget\" data-widget_type=\"shortcode.default\">\n\t\t\t\t<div class=\"elementor-widget-container\">\n\t\t\t\t\t\t\t<div class=\"elementor-shortcode\"><div class=\"ld-achievements\">\n\t\n\t\t\t\t<style type=\"text\/css\">\n\t\t\t\t.ld-achievement-tooltip .ld-achievement-tooltip-text{\n\t\t\t\t\tfont-size: 20px;\n\t\t\t\t}\n\t\t\t<\/style>\n\t\t<\/div><\/div>\n\t\t\t\t\t\t<\/div>\n\t\t\t\t<\/div>\n\t\t\t\t\t<\/div>\n\t\t<\/div>\n\t\t\t\t\t<\/div>\n\t\t<\/section>\n\t\t\t\t<div class=\"elementor-element elementor-element-b72ebf0 elementor-widget elementor-widget-spacer\" data-id=\"b72ebf0\" data-element_type=\"widget\" data-e-type=\"widget\" data-widget_type=\"spacer.default\">\n\t\t\t\t<div class=\"elementor-widget-container\">\n\t\t\t\t\t\t\t<div class=\"elementor-spacer\">\n\t\t\t<div class=\"elementor-spacer-inner\"><\/div>\n\t\t<\/div>\n\t\t\t\t\t\t<\/div>\n\t\t\t\t<\/div>\n\t\t\t\t\t<\/div>\n\t\t<\/div>\n\t\t\t\t\t<\/div>\n\t\t<\/section>\n\t\t\t\t<section class=\"elementor-section elementor-top-section elementor-element elementor-element-d1a18ae elementor-section-boxed elementor-section-height-default elementor-section-height-default\" data-id=\"d1a18ae\" data-element_type=\"section\" data-e-type=\"section\">\n\t\t\t\t\t\t<div class=\"elementor-container elementor-column-gap-default\">\n\t\t\t\t\t<div class=\"elementor-column elementor-col-100 elementor-top-column elementor-element elementor-element-93fe94c\" data-id=\"93fe94c\" data-element_type=\"column\" data-e-type=\"column\">\n\t\t\t<div class=\"elementor-widget-wrap elementor-element-populated\">\n\t\t\t\t\t\t<section class=\"elementor-section elementor-inner-section elementor-element elementor-element-c3d2d78 elementor-section-boxed elementor-section-height-default elementor-section-height-default\" data-id=\"c3d2d78\" data-element_type=\"section\" data-e-type=\"section\">\n\t\t\t\t\t\t<div class=\"elementor-container elementor-column-gap-default\">\n\t\t\t\t\t<div class=\"elementor-column elementor-col-50 elementor-inner-column elementor-element elementor-element-d9b7b98\" data-id=\"d9b7b98\" data-element_type=\"column\" data-e-type=\"column\">\n\t\t\t<div class=\"elementor-widget-wrap elementor-element-populated\">\n\t\t\t\t\t\t<div class=\"elementor-element elementor-element-740781e elementor-widget elementor-widget-image\" data-id=\"740781e\" data-element_type=\"widget\" data-e-type=\"widget\" data-widget_type=\"image.default\">\n\t\t\t\t<div class=\"elementor-widget-container\">\n\t\t\t\t\t\t\t\t\t\t\t\t\t\t\t<img decoding=\"async\" width=\"1024\" height=\"215\" src=\"http:\/\/3d-academy.eu\/wp-content\/uploads\/2024\/05\/HR_Co-fundedbytheEU_RGB_POS.png\" class=\"attachment-large size-large wp-image-179\" alt=\"\" srcset=\"https:\/\/3d-academy.eu\/wp-content\/uploads\/2024\/05\/HR_Co-fundedbytheEU_RGB_POS.png 3502w, https:\/\/3d-academy.eu\/wp-content\/uploads\/2024\/05\/HR_Co-fundedbytheEU_RGB_POS-300x79.png 300w, https:\/\/3d-academy.eu\/wp-content\/uploads\/2024\/05\/HR_Co-fundedbytheEU_RGB_POS-1024x269.png 1024w, https:\/\/3d-academy.eu\/wp-content\/uploads\/2024\/05\/HR_Co-fundedbytheEU_RGB_POS-768x202.png 768w, https:\/\/3d-academy.eu\/wp-content\/uploads\/2024\/05\/HR_Co-fundedbytheEU_RGB_POS-1536x403.png 1536w, https:\/\/3d-academy.eu\/wp-content\/uploads\/2024\/05\/HR_Co-fundedbytheEU_RGB_POS-2048x537.png 2048w, https:\/\/3d-academy.eu\/wp-content\/uploads\/2024\/05\/HR_Co-fundedbytheEU_RGB_POS-18x5.png 18w\" sizes=\"(max-width: 1024px) 100vw, 1024px\" \/>\t\t\t\t\t\t\t\t\t\t\t\t\t\t\t<\/div>\n\t\t\t\t<\/div>\n\t\t\t\t\t<\/div>\n\t\t<\/div>\n\t\t\t\t<div class=\"elementor-column elementor-col-50 elementor-inner-column elementor-element elementor-element-f183f8d\" data-id=\"f183f8d\" data-element_type=\"column\" data-e-type=\"column\">\n\t\t\t<div class=\"elementor-widget-wrap elementor-element-populated\">\n\t\t\t\t\t\t<div class=\"elementor-element elementor-element-4a7087b elementor-widget elementor-widget-text-editor\" data-id=\"4a7087b\" data-element_type=\"widget\" data-e-type=\"widget\" data-widget_type=\"text-editor.default\">\n\t\t\t\t<div class=\"elementor-widget-container\">\n\t\t\t\t\t\t\t\t\t<p>Financira Europska unija. Izra\u017eeni stavovi i mi\u0161ljenja su samo autorovi i ne odra\u017eavaju nu\u017eno stavove Europske unije ili Izvr\u0161ne agencije za obrazovanje i kulturu (EACEA). Ni Europska unija ni EACEA ne mogu se smatrati odgovornima za njih.<\/p>\t\t\t\t\t\t\t\t<\/div>\n\t\t\t\t<\/div>\n\t\t\t\t\t<\/div>\n\t\t<\/div>\n\t\t\t\t\t<\/div>\n\t\t<\/section>\n\t\t\t\t\t<\/div>\n\t\t<\/div>\n\t\t\t\t\t<\/div>\n\t\t<\/section>\n\t\t\t\t<\/div>","protected":false},"excerpt":{"rendered":"<p>Home About Us Learning Platform Basic Level Module 1:\u00a0Introduction to 3D Technologies Module 2: Introduction to 3D Printing Advanced Level [&hellip;]<\/p>\n","protected":false},"author":1,"featured_media":0,"parent":0,"menu_order":0,"comment_status":"closed","ping_status":"closed","template":"elementor_canvas","meta":{"_eb_attr":"","om_disable_all_campaigns":false,"_monsterinsights_skip_tracking":false,"_monsterinsights_sitenote_active":false,"_monsterinsights_sitenote_note":"","_monsterinsights_sitenote_category":0,"site-sidebar-layout":"no-sidebar","site-content-layout":"","ast-site-content-layout":"full-width-container","site-content-style":"default","site-sidebar-style":"default","ast-global-header-display":"","ast-banner-title-visibility":"","ast-main-header-display":"","ast-hfb-above-header-display":"","ast-hfb-below-header-display":"","ast-hfb-mobile-header-display":"","site-post-title":"disabled","ast-breadcrumbs-content":"","ast-featured-img":"disabled","footer-sml-layout":"","theme-transparent-header-meta":"","adv-header-id-meta":"","stick-header-meta":"","header-above-stick-meta":"","header-main-stick-meta":"","header-below-stick-meta":"","astra-migrate-meta-layouts":"default","ast-page-background-enabled":"default","ast-page-background-meta":{"desktop":{"background-color":"var(--ast-global-color-4)","background-image":"","background-repeat":"repeat","background-position":"center center","background-size":"auto","background-attachment":"scroll","background-type":"","background-media":"","overlay-type":"","overlay-color":"","overlay-opacity":"","overlay-gradient":""},"tablet":{"background-color":"","background-image":"","background-repeat":"repeat","background-position":"center center","background-size":"auto","background-attachment":"scroll","background-type":"","background-media":"","overlay-type":"","overlay-color":"","overlay-opacity":"","overlay-gradient":""},"mobile":{"background-color":"","background-image":"","background-repeat":"repeat","background-position":"center center","background-size":"auto","background-attachment":"scroll","background-type":"","background-media":"","overlay-type":"","overlay-color":"","overlay-opacity":"","overlay-gradient":""}},"ast-content-background-meta":{"desktop":{"background-color":"var(--ast-global-color-5)","background-image":"","background-repeat":"repeat","background-position":"center center","background-size":"auto","background-attachment":"scroll","background-type":"","background-media":"","overlay-type":"","overlay-color":"","overlay-opacity":"","overlay-gradient":""},"tablet":{"background-color":"var(--ast-global-color-5)","background-image":"","background-repeat":"repeat","background-position":"center center","background-size":"auto","background-attachment":"scroll","background-type":"","background-media":"","overlay-type":"","overlay-color":"","overlay-opacity":"","overlay-gradient":""},"mobile":{"background-color":"var(--ast-global-color-5)","background-image":"","background-repeat":"repeat","background-position":"center center","background-size":"auto","background-attachment":"scroll","background-type":"","background-media":"","overlay-type":"","overlay-color":"","overlay-opacity":"","overlay-gradient":""}},"footnotes":""},"class_list":["post-1424","page","type-page","status-publish","hentry"],"_links":{"self":[{"href":"https:\/\/3d-academy.eu\/hr\/wp-json\/wp\/v2\/pages\/1424","targetHints":{"allow":["GET"]}}],"collection":[{"href":"https:\/\/3d-academy.eu\/hr\/wp-json\/wp\/v2\/pages"}],"about":[{"href":"https:\/\/3d-academy.eu\/hr\/wp-json\/wp\/v2\/types\/page"}],"author":[{"embeddable":true,"href":"https:\/\/3d-academy.eu\/hr\/wp-json\/wp\/v2\/users\/1"}],"replies":[{"embeddable":true,"href":"https:\/\/3d-academy.eu\/hr\/wp-json\/wp\/v2\/comments?post=1424"}],"version-history":[{"count":17,"href":"https:\/\/3d-academy.eu\/hr\/wp-json\/wp\/v2\/pages\/1424\/revisions"}],"predecessor-version":[{"id":1729,"href":"https:\/\/3d-academy.eu\/hr\/wp-json\/wp\/v2\/pages\/1424\/revisions\/1729"}],"wp:attachment":[{"href":"https:\/\/3d-academy.eu\/hr\/wp-json\/wp\/v2\/media?parent=1424"}],"curies":[{"name":"wp","href":"https:\/\/api.w.org\/{rel}","templated":true}]}}