{"id":484,"date":"2024-04-02T15:51:54","date_gmt":"2024-04-02T14:51:54","guid":{"rendered":"https:\/\/3d-academy.eu\/login\/"},"modified":"2025-03-28T14:58:03","modified_gmt":"2025-03-28T14:58:03","slug":"login","status":"publish","type":"page","link":"https:\/\/3d-academy.eu\/sr\/login\/","title":{"rendered":"\u041f\u0440\u0438\u0458\u0430\u0432\u0430"},"content":{"rendered":"<div data-elementor-type=\"wp-page\" data-elementor-id=\"484\" class=\"elementor elementor-484\">\n\t\t\t\t\t\t<section class=\"elementor-section elementor-top-section elementor-element elementor-element-321eaff elementor-hidden-mobile elementor-section-boxed elementor-section-height-default elementor-section-height-default\" data-id=\"321eaff\" data-element_type=\"section\" data-e-type=\"section\" data-settings=\"{&quot;background_background&quot;:&quot;classic&quot;}\">\n\t\t\t\t\t\t<div class=\"elementor-container elementor-column-gap-default\">\n\t\t\t\t\t<div class=\"elementor-column elementor-col-100 elementor-top-column elementor-element elementor-element-e54ef99\" data-id=\"e54ef99\" data-element_type=\"column\" data-e-type=\"column\">\n\t\t\t<div class=\"elementor-widget-wrap elementor-element-populated\">\n\t\t\t\t\t\t<section class=\"elementor-section elementor-inner-section elementor-element elementor-element-5860a31 elementor-section-boxed elementor-section-height-default elementor-section-height-default\" data-id=\"5860a31\" data-element_type=\"section\" data-e-type=\"section\">\n\t\t\t\t\t\t<div class=\"elementor-container elementor-column-gap-default\">\n\t\t\t\t\t<div class=\"elementor-column elementor-col-50 elementor-inner-column elementor-element elementor-element-1ce42f4\" data-id=\"1ce42f4\" data-element_type=\"column\" data-e-type=\"column\">\n\t\t\t<div class=\"elementor-widget-wrap elementor-element-populated\">\n\t\t\t\t\t\t<div class=\"elementor-element elementor-element-7bce187 elementor-widget elementor-widget-image\" data-id=\"7bce187\" data-element_type=\"widget\" data-e-type=\"widget\" data-widget_type=\"image.default\">\n\t\t\t\t<div class=\"elementor-widget-container\">\n\t\t\t\t\t\t\t\t\t\t\t\t\t\t\t<img fetchpriority=\"high\" decoding=\"async\" width=\"1024\" height=\"1024\" src=\"https:\/\/3d-academy.eu\/wp-content\/uploads\/2024\/01\/3D-ACADEMY_LOGO-1024x1024.png\" class=\"attachment-large size-large wp-image-154\" alt=\"\" srcset=\"https:\/\/3d-academy.eu\/wp-content\/uploads\/2024\/01\/3D-ACADEMY_LOGO-1024x1024.png 1024w, https:\/\/3d-academy.eu\/wp-content\/uploads\/2024\/01\/3D-ACADEMY_LOGO-300x300.png 300w, https:\/\/3d-academy.eu\/wp-content\/uploads\/2024\/01\/3D-ACADEMY_LOGO-150x150.png 150w, https:\/\/3d-academy.eu\/wp-content\/uploads\/2024\/01\/3D-ACADEMY_LOGO-768x768.png 768w, https:\/\/3d-academy.eu\/wp-content\/uploads\/2024\/01\/3D-ACADEMY_LOGO-1536x1536.png 1536w, https:\/\/3d-academy.eu\/wp-content\/uploads\/2024\/01\/3D-ACADEMY_LOGO-2048x2048.png 2048w\" sizes=\"(max-width: 1024px) 100vw, 1024px\" \/>\t\t\t\t\t\t\t\t\t\t\t\t\t\t\t<\/div>\n\t\t\t\t<\/div>\n\t\t\t\t\t<\/div>\n\t\t<\/div>\n\t\t\t\t<div class=\"elementor-column elementor-col-50 elementor-inner-column elementor-element elementor-element-f235f72\" data-id=\"f235f72\" data-element_type=\"column\" data-e-type=\"column\">\n\t\t\t<div class=\"elementor-widget-wrap elementor-element-populated\">\n\t\t\t\t\t\t<div class=\"elementor-element elementor-element-728675f elementor-widget elementor-widget-ekit-nav-menu\" data-id=\"728675f\" data-element_type=\"widget\" data-e-type=\"widget\" data-widget_type=\"ekit-nav-menu.default\">\n\t\t\t\t<div class=\"elementor-widget-container\">\n\t\t\t\t\t\t\t<nav class=\"ekit-wid-con ekit_menu_responsive_tablet\"\n\t\t\tdata-hamburger-icon=\"\"\n\t\t\tdata-hamburger-icon-type=\"icon\"\n\t\t\tdata-responsive-breakpoint=\"1024\">\n\t\t\t            <button class=\"elementskit-menu-hamburger elementskit-menu-toggler\"  type=\"button\" aria-label=\"\u0438\u043a\u043e\u043d\u0430-\u0445\u0430\u043c\u0431\u0443\u0440\u0433\u0435\u0440\u0430\">\n                                    <span class=\"elementskit-menu-hamburger-icon\"><\/span><span class=\"elementskit-menu-hamburger-icon\"><\/span><span class=\"elementskit-menu-hamburger-icon\"><\/span>\n                            <\/button>\n            <div id=\"ekit-megamenu-main\" class=\"elementskit-menu-container elementskit-menu-offcanvas-elements elementskit-navbar-nav-default ekit-nav-menu-one-page-no ekit-nav-dropdown-hover\"><ul id=\"menu-main\" class=\"elementskit-navbar-nav elementskit-menu-po-right submenu-click-on-icon\"><li id=\"menu-item-25\" class=\"menu-item menu-item-type-post_type menu-item-object-page menu-item-home menu-item-25 nav-item elementskit-mobile-builder-content\" data-vertical-menu=\"750px\"><a href=\"https:\/\/3d-academy.eu\/sr\/\" class=\"ekit-menu-nav-link menu-link\">Po\u010detna<\/a><\/li>\n<li id=\"menu-item-355\" class=\"menu-item menu-item-type-post_type menu-item-object-page menu-item-355 nav-item elementskit-mobile-builder-content\" data-vertical-menu=\"750px\"><a href=\"https:\/\/3d-academy.eu\/sr\/about-us\/\" class=\"ekit-menu-nav-link menu-link\">O nama<\/a><\/li>\n<li id=\"menu-item-2426\" class=\"menu-item menu-item-type-post_type menu-item-object-page menu-item-has-children menu-item-2426 nav-item elementskit-dropdown-has relative_position elementskit-dropdown-menu-default_width elementskit-mobile-builder-content\" data-vertical-menu=\"750px\"><a aria-expanded=\"false\" href=\"https:\/\/3d-academy.eu\/sr\/courses-2\/\" class=\"ekit-menu-nav-link ekit-menu-dropdown-toggle menu-link\">Kursevi<i aria-hidden=\"true\" class=\"icon icon-down-arrow1 elementskit-submenu-indicator\"><\/i><\/a>\n<ul class=\"elementskit-dropdown elementskit-submenu-panel\">\n\t<li id=\"menu-item-1563\" class=\"menu-item menu-item-type-custom menu-item-object-custom menu-item-has-children menu-item-1563 nav-item elementskit-dropdown-has relative_position elementskit-dropdown-menu-default_width elementskit-mobile-builder-content\" data-vertical-menu=\"750px\"><a aria-expanded=\"false\" href=\"https:\/\/3d-academy.eu\/sr\/\" class=\"dropdown-item menu-link\">\u041e\u0441\u043d\u043e\u0432\u043d\u0438 \u043d\u0438\u0432\u043e<i aria-hidden=\"true\" class=\"icon icon-down-arrow1 elementskit-submenu-indicator\"><\/i><\/a>\n\t<ul class=\"elementskit-dropdown elementskit-submenu-panel\">\n\t\t<li id=\"menu-item-1566\" class=\"menu-item menu-item-type-post_type menu-item-object-sfwd-courses menu-item-1566 nav-item elementskit-mobile-builder-content\" data-vertical-menu=\"750px\"><a href=\"https:\/\/3d-academy.eu\/sr\/courses\/module-1-introduction-to-3d-technologies\/\" class=\"dropdown-item menu-link\">Modul 1: Uvod u 3D tehnologije<\/a>\t\t<li id=\"menu-item-1597\" class=\"menu-item menu-item-type-post_type menu-item-object-sfwd-courses menu-item-1597 nav-item elementskit-mobile-builder-content\" data-vertical-menu=\"750px\"><a href=\"https:\/\/3d-academy.eu\/sr\/courses\/module-2-introduction-to-3d-printing\/\" class=\"dropdown-item menu-link\">Modul 2: Uvod u 3D \u0161tampu<\/a>\t\t<li id=\"menu-item-2063\" class=\"menu-item menu-item-type-post_type menu-item-object-sfwd-courses menu-item-2063 nav-item elementskit-mobile-builder-content\" data-vertical-menu=\"750px\"><a href=\"https:\/\/3d-academy.eu\/sr\/courses\/module-3-introduction-to-3d-scanning\/\" class=\"dropdown-item menu-link\">Modul 3 - Uvod u 3D skeniranje<\/a>\t\t<li id=\"menu-item-2207\" class=\"menu-item menu-item-type-post_type menu-item-object-sfwd-courses menu-item-2207 nav-item elementskit-mobile-builder-content\" data-vertical-menu=\"750px\"><a href=\"https:\/\/3d-academy.eu\/sr\/courses\/module-4-introduction-to-3d-modelling\/\" class=\"dropdown-item menu-link\">Modul 4 - Uvod u 3D modeliranje<\/a>\t\t<li id=\"menu-item-2206\" class=\"menu-item menu-item-type-post_type menu-item-object-sfwd-courses menu-item-2206 nav-item elementskit-mobile-builder-content\" data-vertical-menu=\"750px\"><a href=\"https:\/\/3d-academy.eu\/sr\/courses\/module-5-3d-technologies-in-education-process\/\" class=\"dropdown-item menu-link\">Modul 5: 3D tehnologije u obrazovnom procesu<\/a>\t<\/ul>\n\t<li id=\"menu-item-1564\" class=\"menu-item menu-item-type-custom menu-item-object-custom menu-item-has-children menu-item-1564 nav-item elementskit-dropdown-has relative_position elementskit-dropdown-menu-default_width elementskit-mobile-builder-content\" data-vertical-menu=\"750px\"><a aria-expanded=\"false\" href=\"https:\/\/3d-academy.eu\/sr\/\" class=\"dropdown-item menu-link\">\u041d\u0430\u043f\u0440\u0435\u0434\u043d\u0438 \u043d\u0438\u0432\u043e<i aria-hidden=\"true\" class=\"icon icon-down-arrow1 elementskit-submenu-indicator\"><\/i><\/a>\n\t<ul class=\"elementskit-dropdown elementskit-submenu-panel\">\n\t\t<li id=\"menu-item-2281\" class=\"menu-item menu-item-type-post_type menu-item-object-sfwd-courses menu-item-2281 nav-item elementskit-mobile-builder-content\" data-vertical-menu=\"750px\"><a href=\"https:\/\/3d-academy.eu\/sr\/courses\/module-1-advanced-3d-printing-techniques\/\" class=\"dropdown-item menu-link\">Modul 1: Napredne tehnike 3D \u0161tampe<\/a>\t\t<li id=\"menu-item-3165\" class=\"menu-item menu-item-type-post_type menu-item-object-sfwd-courses menu-item-3165 nav-item elementskit-mobile-builder-content\" data-vertical-menu=\"750px\"><a href=\"https:\/\/3d-academy.eu\/sr\/courses\/module-2-advanced-3d-scanning-techniques\/\" class=\"dropdown-item menu-link\">Modul 2 \u2013 Napredne tehnike 3D skeniranja<\/a>\t\t<li id=\"menu-item-3191\" class=\"menu-item menu-item-type-post_type menu-item-object-sfwd-courses menu-item-3191 nav-item elementskit-mobile-builder-content\" data-vertical-menu=\"750px\"><a href=\"https:\/\/3d-academy.eu\/sr\/courses\/module-3-advanced-3d-modeling-techniques\/\" class=\"dropdown-item menu-link\">Modul 3 \u2013 Napredne tehnike 3D modelovanja<\/a>\t\t<li id=\"menu-item-3251\" class=\"menu-item menu-item-type-post_type menu-item-object-sfwd-courses menu-item-3251 nav-item elementskit-mobile-builder-content\" data-vertical-menu=\"750px\"><a href=\"https:\/\/3d-academy.eu\/sr\/courses\/modul-4-perspektive-razvoja-i-prakticna-resenja\/\" class=\"dropdown-item menu-link\">Modul 4: Budu\u0107i trendovi i prakti\u010dna re\u0161enja<\/a>\t<\/ul>\n<\/ul>\n<\/li>\n<li id=\"menu-item-3846\" class=\"menu-item menu-item-type-post_type menu-item-object-page menu-item-3846 nav-item elementskit-mobile-builder-content\" data-vertical-menu=\"750px\"><a href=\"https:\/\/3d-academy.eu\/sr\/trainer-manuals\/\" class=\"ekit-menu-nav-link menu-link\">Priru\u010dnici za trenere<\/a><\/li>\n<li id=\"menu-item-454\" class=\"menu-item menu-item-type-post_type menu-item-object-page menu-item-454 nav-item elementskit-mobile-builder-content\" data-vertical-menu=\"750px\"><a href=\"https:\/\/3d-academy.eu\/sr\/news\/\" class=\"ekit-menu-nav-link menu-link\">Novosti<\/a><\/li>\n<li id=\"menu-item-542\" class=\"menu-item menu-item-type-post_type menu-item-object-page menu-item-542 nav-item elementskit-mobile-builder-content\" data-vertical-menu=\"750px\"><a href=\"https:\/\/3d-academy.eu\/sr\/resource-board\/\" class=\"ekit-menu-nav-link menu-link\">Dodatni materijali<\/a><\/li>\n<li id=\"menu-item-491\" class=\"menu-item menu-item-type-post_type menu-item-object-page menu-item-491 nav-item elementskit-mobile-builder-content\" data-vertical-menu=\"750px\"><a href=\"https:\/\/3d-academy.eu\/sr\/register\/\" class=\"ekit-menu-nav-link menu-link\">\u0420\u0435\u0433\u0438\u0441\u0442\u0440\u0430\u0446\u0438\u0458\u0430<\/a><\/li>\n<li id=\"menu-item-492\" class=\"menu-item menu-item-type-post_type menu-item-object-page menu-item-492 nav-item elementskit-mobile-builder-content\" data-vertical-menu=\"750px\"><a href=\"https:\/\/3d-academy.eu\/sr\/login\/\" class=\"ekit-menu-nav-link menu-link\">\u041f\u0440\u0438\u0458\u0430\u0432\u0430<\/a><\/li>\n<li id=\"menu-item-494\" class=\"menu-item menu-item-type-post_type menu-item-object-page menu-item-494 nav-item elementskit-mobile-builder-content\" data-vertical-menu=\"750px\"><a href=\"https:\/\/3d-academy.eu\/sr\/contact-us\/\" class=\"ekit-menu-nav-link menu-link\">Kontakt<\/a><\/li>\n<\/ul><div class=\"elementskit-nav-identity-panel\"><button class=\"elementskit-menu-close elementskit-menu-toggler\" type=\"button\">X<\/button><\/div><\/div>\n\t\t\t<div class=\"elementskit-menu-overlay elementskit-menu-offcanvas-elements elementskit-menu-toggler ekit-nav-menu--overlay\"><\/div>        <\/nav>\n\t\t\t\t\t\t<\/div>\n\t\t\t\t<\/div>\n\t\t\t\t\t<\/div>\n\t\t<\/div>\n\t\t\t\t\t<\/div>\n\t\t<\/section>\n\t\t\t\t\t<\/div>\n\t\t<\/div>\n\t\t\t\t\t<\/div>\n\t\t<\/section>\n\t\t\t\t<section class=\"elementor-section elementor-top-section elementor-element elementor-element-3afbf4ea elementor-section-boxed elementor-section-height-default elementor-section-height-default\" data-id=\"3afbf4ea\" data-element_type=\"section\" data-e-type=\"section\">\n\t\t\t\t\t\t<div class=\"elementor-container elementor-column-gap-default\">\n\t\t\t\t\t<div class=\"elementor-column elementor-col-100 elementor-top-column elementor-element elementor-element-2bb1a0aa\" data-id=\"2bb1a0aa\" data-element_type=\"column\" data-e-type=\"column\">\n\t\t\t<div class=\"elementor-widget-wrap elementor-element-populated\">\n\t\t\t\t\t\t<div class=\"elementor-element elementor-element-82bd0a2 elementor-widget elementor-widget-spacer\" data-id=\"82bd0a2\" data-element_type=\"widget\" data-e-type=\"widget\" data-widget_type=\"spacer.default\">\n\t\t\t\t<div class=\"elementor-widget-container\">\n\t\t\t\t\t\t\t<div class=\"elementor-spacer\">\n\t\t\t<div class=\"elementor-spacer-inner\"><\/div>\n\t\t<\/div>\n\t\t\t\t\t\t<\/div>\n\t\t\t\t<\/div>\n\t\t\t\t<div class=\"elementor-element elementor-element-49051201 elementor-widget elementor-widget-shortcode\" data-id=\"49051201\" data-element_type=\"widget\" data-e-type=\"widget\" data-widget_type=\"shortcode.default\">\n\t\t\t\t<div class=\"elementor-widget-container\">\n\t\t\t\t\t\t\t<div class=\"elementor-shortcode\">\n<div class=\"um um-login um-480\">\n\t<div class=\"um-form\">\n\t\t<form method=\"post\" action=\"\" autocomplete=\"off\" data-trp-original-action=\"\">\n\t\t\t<div class=\"um-row _um_row_1\" style=\"margin: 0 0 30px 0;\"><div class=\"um-col-1\"><div  id=\"um_field_480_user_email\" class=\"um-field um-field-text  um-field-user_email um-field-text um-field-type_text\" data-key=\"user_email\"><div class=\"um-field-label\"><label for=\"user_email-480\">Email Address<\/label><div class=\"um-clear\"><\/div><\/div><div class=\"um-field-area\"><input  autocomplete=\"off\" class=\"um-form-field valid\" type=\"text\" name=\"user_email-480\" id=\"user_email-480\" value=\"\" placeholder=\"\" data-validate=\"unique_email\" data-key=\"user_email\"  aria-invalid=\"false\" \/>\n\n\t\t\t\t\t\t<\/div><\/div><div  id=\"um_field_480_user_password\" class=\"um-field um-field-password  um-field-user_password um-field-password um-field-type_password\" data-key=\"user_password\"><div class=\"um-field-label\"><label for=\"user_password-480\">Password<\/label><div class=\"um-clear\"><\/div><\/div><div class=\"um-field-area\"><input class=\"um-form-field valid\" type=\"password\" name=\"user_password-480\" id=\"user_password-480\" value=\"\" placeholder=\"\" data-validate=\"\" data-key=\"user_password\"  aria-invalid=\"false\" \/>\n\n\t\t\t\t\t\t\t<\/div><\/div><\/div><\/div>\t<input type=\"hidden\" name=\"form_id\" id=\"form_id_480\" value=\"480\" \/>\n\t\t<p class=\"um_request_name\">\n\t\t<label for=\"um_request_480\">Only fill in if you are not human<\/label>\n\t\t<input type=\"hidden\" name=\"um_request\" id=\"um_request_480\" class=\"input\" value=\"\" size=\"25\" autocomplete=\"off\" \/>\n\t<\/p>\n\t<input type=\"hidden\" name=\"redirect_to\" id=\"redirect_to\" value=\"https:\/\/3d-academy.eu\" \/><input type=\"hidden\" id=\"_wpnonce\" name=\"_wpnonce\" value=\"4be2bef9a3\" \/><input type=\"hidden\" name=\"_wp_http_referer\" value=\"\/sr\/wp-json\/wp\/v2\/pages\/484\" \/>\n\t<div class=\"um-col-alt\">\n\n\t\t\n\t\t\t<div class=\"um-center\">\n\t\t\t\t<input type=\"submit\" value=\"\u041f\u0440\u0438\u0458\u0430\u0432\u0430\" class=\"um-button\" id=\"um-submit-btn\" \/>\n\t\t\t<\/div>\n\n\t\t\n\t\t<div class=\"um-clear\"><\/div>\n\n\t<\/div>\n\n\t\n\t<div class=\"um-col-alt-b\">\n\t\t<a href=\"https:\/\/3d-academy.eu\/sr\/password-reset\/\" class=\"um-link-alt\">\n\t\t\tForgot your password?\t\t<\/a>\n\t<\/div>\n\n\t\t\t<input type=\"hidden\" name=\"trp-form-language\" value=\"sr\"\/><\/form>\n\t<\/div>\n<\/div>\n<style>\n\t\t\t.um-480.um {\n\t\t\tmax-width: 450px;\n\t\t}\n\t\t<\/style>\n<\/div>\n\t\t\t\t\t\t<\/div>\n\t\t\t\t<\/div>\n\t\t\t\t<div class=\"elementor-element elementor-element-abb8721 elementor-widget elementor-widget-spacer\" data-id=\"abb8721\" data-element_type=\"widget\" data-e-type=\"widget\" data-widget_type=\"spacer.default\">\n\t\t\t\t<div class=\"elementor-widget-container\">\n\t\t\t\t\t\t\t<div class=\"elementor-spacer\">\n\t\t\t<div class=\"elementor-spacer-inner\"><\/div>\n\t\t<\/div>\n\t\t\t\t\t\t<\/div>\n\t\t\t\t<\/div>\n\t\t\t\t\t<\/div>\n\t\t<\/div>\n\t\t\t\t\t<\/div>\n\t\t<\/section>\n\t\t\t\t<section class=\"elementor-section elementor-top-section elementor-element elementor-element-b298724 elementor-section-boxed elementor-section-height-default elementor-section-height-default\" data-id=\"b298724\" data-element_type=\"section\" data-e-type=\"section\">\n\t\t\t\t\t\t<div class=\"elementor-container elementor-column-gap-default\">\n\t\t\t\t\t<div class=\"elementor-column elementor-col-100 elementor-top-column elementor-element elementor-element-b624f62\" data-id=\"b624f62\" data-element_type=\"column\" data-e-type=\"column\">\n\t\t\t<div class=\"elementor-widget-wrap elementor-element-populated\">\n\t\t\t\t\t\t<section class=\"elementor-section elementor-inner-section elementor-element elementor-element-4359ac8 elementor-section-boxed elementor-section-height-default elementor-section-height-default\" data-id=\"4359ac8\" data-element_type=\"section\" data-e-type=\"section\">\n\t\t\t\t\t\t<div class=\"elementor-container elementor-column-gap-default\">\n\t\t\t\t\t<div class=\"elementor-column elementor-col-50 elementor-inner-column elementor-element elementor-element-15447bc\" data-id=\"15447bc\" data-element_type=\"column\" data-e-type=\"column\">\n\t\t\t<div class=\"elementor-widget-wrap elementor-element-populated\">\n\t\t\t\t\t\t<div class=\"elementor-element elementor-element-e5bd136 elementor-widget elementor-widget-image\" data-id=\"e5bd136\" data-element_type=\"widget\" data-e-type=\"widget\" data-widget_type=\"image.default\">\n\t\t\t\t<div class=\"elementor-widget-container\">\n\t\t\t\t\t\t\t\t\t\t\t\t\t\t\t<img decoding=\"async\" width=\"1024\" height=\"215\" src=\"http:\/\/3d-academy.eu\/wp-content\/uploads\/2024\/05\/SR_-Serbe_Co-fundedbytheEU_RGB_POS.png\" class=\"attachment-large size-large wp-image-179\" alt=\"\" srcset=\"https:\/\/3d-academy.eu\/wp-content\/uploads\/2024\/05\/SR_-Serbe_Co-fundedbytheEU_RGB_POS.png 3518w, https:\/\/3d-academy.eu\/wp-content\/uploads\/2024\/05\/SR_-Serbe_Co-fundedbytheEU_RGB_POS-300x78.png 300w, https:\/\/3d-academy.eu\/wp-content\/uploads\/2024\/05\/SR_-Serbe_Co-fundedbytheEU_RGB_POS-1024x267.png 1024w, https:\/\/3d-academy.eu\/wp-content\/uploads\/2024\/05\/SR_-Serbe_Co-fundedbytheEU_RGB_POS-768x201.png 768w, https:\/\/3d-academy.eu\/wp-content\/uploads\/2024\/05\/SR_-Serbe_Co-fundedbytheEU_RGB_POS-1536x401.png 1536w, https:\/\/3d-academy.eu\/wp-content\/uploads\/2024\/05\/SR_-Serbe_Co-fundedbytheEU_RGB_POS-2048x535.png 2048w, https:\/\/3d-academy.eu\/wp-content\/uploads\/2024\/05\/SR_-Serbe_Co-fundedbytheEU_RGB_POS-18x5.png 18w\" sizes=\"(max-width: 1024px) 100vw, 1024px\" \/>\t\t\t\t\t\t\t\t\t\t\t\t\t\t\t<\/div>\n\t\t\t\t<\/div>\n\t\t\t\t\t<\/div>\n\t\t<\/div>\n\t\t\t\t<div class=\"elementor-column elementor-col-50 elementor-inner-column elementor-element elementor-element-9d1e7ed\" data-id=\"9d1e7ed\" data-element_type=\"column\" data-e-type=\"column\">\n\t\t\t<div class=\"elementor-widget-wrap elementor-element-populated\">\n\t\t\t\t\t\t<div class=\"elementor-element elementor-element-b106ed9 elementor-widget elementor-widget-text-editor\" data-id=\"b106ed9\" data-element_type=\"widget\" data-e-type=\"widget\" data-widget_type=\"text-editor.default\">\n\t\t\t\t<div class=\"elementor-widget-container\">\n\t\t\t\t\t\t\t\t\t<p>Finansirano od strane Evropske unije. Stavovi i mi\u0161ljenja izneti u ovom dokumentu isklju\u010divo su stavovi autora i ne odra\u017eavaju nu\u017eno stavove Evropske unije niti Izvr\u0161ne agencije za obrazovanje i kulturu (EACEA). Evropska unija ni EACEA ne mogu se smatrati odgovornima za njih.<\/p>\t\t\t\t\t\t\t\t<\/div>\n\t\t\t\t<\/div>\n\t\t\t\t\t<\/div>\n\t\t<\/div>\n\t\t\t\t\t<\/div>\n\t\t<\/section>\n\t\t\t\t\t<\/div>\n\t\t<\/div>\n\t\t\t\t\t<\/div>\n\t\t<\/section>\n\t\t\t\t<\/div>","protected":false},"excerpt":{"rendered":"<p>Home About Us Courses Basic Level Module 1:\u00a0Introduction to 3D Technologies Module 2: Introduction to 3D Printing Module 3 \u2013 [&hellip;]<\/p>\n","protected":false},"author":1,"featured_media":0,"parent":0,"menu_order":0,"comment_status":"closed","ping_status":"closed","template":"elementor_canvas","meta":{"_eb_attr":"","om_disable_all_campaigns":false,"_monsterinsights_skip_tracking":false,"_monsterinsights_sitenote_active":false,"_monsterinsights_sitenote_note":"","_monsterinsights_sitenote_category":0,"site-sidebar-layout":"default","site-content-layout":"","ast-site-content-layout":"","site-content-style":"default","site-sidebar-style":"default","ast-global-header-display":"","ast-banner-title-visibility":"","ast-main-header-display":"","ast-hfb-above-header-display":"","ast-hfb-below-header-display":"","ast-hfb-mobile-header-display":"","site-post-title":"","ast-breadcrumbs-content":"","ast-featured-img":"","footer-sml-layout":"","theme-transparent-header-meta":"","adv-header-id-meta":"","stick-header-meta":"","header-above-stick-meta":"","header-main-stick-meta":"","header-below-stick-meta":"","astra-migrate-meta-layouts":"default","ast-page-background-enabled":"default","ast-page-background-meta":{"desktop":{"background-color":"var(--ast-global-color-4)","background-image":"","background-repeat":"repeat","background-position":"center center","background-size":"auto","background-attachment":"scroll","background-type":"","background-media":"","overlay-type":"","overlay-color":"","overlay-opacity":"","overlay-gradient":""},"tablet":{"background-color":"","background-image":"","background-repeat":"repeat","background-position":"center center","background-size":"auto","background-attachment":"scroll","background-type":"","background-media":"","overlay-type":"","overlay-color":"","overlay-opacity":"","overlay-gradient":""},"mobile":{"background-color":"","background-image":"","background-repeat":"repeat","background-position":"center center","background-size":"auto","background-attachment":"scroll","background-type":"","background-media":"","overlay-type":"","overlay-color":"","overlay-opacity":"","overlay-gradient":""}},"ast-content-background-meta":{"desktop":{"background-color":"var(--ast-global-color-5)","background-image":"","background-repeat":"repeat","background-position":"center center","background-size":"auto","background-attachment":"scroll","background-type":"","background-media":"","overlay-type":"","overlay-color":"","overlay-opacity":"","overlay-gradient":""},"tablet":{"background-color":"var(--ast-global-color-5)","background-image":"","background-repeat":"repeat","background-position":"center center","background-size":"auto","background-attachment":"scroll","background-type":"","background-media":"","overlay-type":"","overlay-color":"","overlay-opacity":"","overlay-gradient":""},"mobile":{"background-color":"var(--ast-global-color-5)","background-image":"","background-repeat":"repeat","background-position":"center center","background-size":"auto","background-attachment":"scroll","background-type":"","background-media":"","overlay-type":"","overlay-color":"","overlay-opacity":"","overlay-gradient":""}},"footnotes":""},"class_list":["post-484","page","type-page","status-publish","hentry"],"_links":{"self":[{"href":"https:\/\/3d-academy.eu\/sr\/wp-json\/wp\/v2\/pages\/484","targetHints":{"allow":["GET"]}}],"collection":[{"href":"https:\/\/3d-academy.eu\/sr\/wp-json\/wp\/v2\/pages"}],"about":[{"href":"https:\/\/3d-academy.eu\/sr\/wp-json\/wp\/v2\/types\/page"}],"author":[{"embeddable":true,"href":"https:\/\/3d-academy.eu\/sr\/wp-json\/wp\/v2\/users\/1"}],"replies":[{"embeddable":true,"href":"https:\/\/3d-academy.eu\/sr\/wp-json\/wp\/v2\/comments?post=484"}],"version-history":[{"count":16,"href":"https:\/\/3d-academy.eu\/sr\/wp-json\/wp\/v2\/pages\/484\/revisions"}],"predecessor-version":[{"id":2384,"href":"https:\/\/3d-academy.eu\/sr\/wp-json\/wp\/v2\/pages\/484\/revisions\/2384"}],"wp:attachment":[{"href":"https:\/\/3d-academy.eu\/sr\/wp-json\/wp\/v2\/media?parent=484"}],"curies":[{"name":"wp","href":"https:\/\/api.w.org\/{rel}","templated":true}]}}